{"id":3755,"date":"2020-06-11T16:17:55","date_gmt":"2020-06-11T16:17:55","guid":{"rendered":"http:\/\/losegador.com\/losegador\/la-casa\/"},"modified":"2020-06-25T14:57:52","modified_gmt":"2020-06-25T14:57:52","slug":"la-casa","status":"publish","type":"page","link":"https:\/\/losegador.com\/ca\/la-casa\/","title":{"rendered":"La casa"},"content":{"rendered":"\n<p>Situada al Carrer Major i una mica m\u00e9s enll\u00e0 de l&#8217;esgl\u00e9sia, emmarcada per palmeres altes i boniques, Lo Segador activa els nostres sentits, donant-nos la benvinguda a aquest lloc \u00fanic com \u00e9s el Poble Nou de Delta, al seu entorn natural i a recuperar les sensacions de la vida als pobles. \u00a0<\/p>\n\n\n\n<div class=\"wp-block-jetpack-tiled-gallery alignfull is-style-rectangular\"><div class=\"tiled-gallery__gallery\"><div class=\"tiled-gallery__row\"><div class=\"tiled-gallery__col\"><figure class=\"tiled-gallery__item\"><img decoding=\"async\" srcset=\"https:\/\/i2.wp.com\/losegador.com\/losegador\/wp-content\/uploads\/2020\/04\/IMG_7377-3.jpg?strip=info&#038;w=600 600w,https:\/\/i2.wp.com\/losegador.com\/losegador\/wp-content\/uploads\/2020\/04\/IMG_7377-3.jpg?strip=info&#038;w=900 900w,https:\/\/i2.wp.com\/losegador.com\/losegador\/wp-content\/uploads\/2020\/04\/IMG_7377-3.jpg?strip=info&#038;w=1200 1200w\" alt=\"\" data-height=\"1600\" data-id=\"2797\" data-link=\"http:\/\/losegador.com\/losegador\/la-casa\/img_7377-3\/\" data-url=\"http:\/\/losegador.com\/losegador\/wp-content\/uploads\/2020\/04\/IMG_7377-3.jpg\" data-width=\"1200\" src=\"https:\/\/i2.wp.com\/losegador.com\/losegador\/wp-content\/uploads\/2020\/04\/IMG_7377-3.jpg\"\/><\/figure><\/div><div class=\"tiled-gallery__col\"><figure class=\"tiled-gallery__item\"><img decoding=\"async\" srcset=\"https:\/\/i1.wp.com\/losegador.com\/losegador\/wp-content\/uploads\/2020\/05\/IMG_1507-compressor-1.jpg?strip=info&#038;w=600 600w,https:\/\/i1.wp.com\/losegador.com\/losegador\/wp-content\/uploads\/2020\/05\/IMG_1507-compressor-1.jpg?strip=info&#038;w=900 900w,https:\/\/i1.wp.com\/losegador.com\/losegador\/wp-content\/uploads\/2020\/05\/IMG_1507-compressor-1.jpg?strip=info&#038;w=1200 1200w\" alt=\"\" data-height=\"1200\" data-id=\"2912\" data-link=\"http:\/\/losegador.com\/losegador\/pagina-ejemplo\/img_1507-compressor-1-2\/\" data-url=\"http:\/\/losegador.com\/losegador\/wp-content\/uploads\/2020\/05\/IMG_1507-compressor-1.jpg\" data-width=\"1200\" src=\"https:\/\/i1.wp.com\/losegador.com\/losegador\/wp-content\/uploads\/2020\/05\/IMG_1507-compressor-1.jpg\"\/><\/figure><figure class=\"tiled-gallery__item\"><img decoding=\"async\" srcset=\"https:\/\/i0.wp.com\/losegador.com\/losegador\/wp-content\/uploads\/2020\/05\/IMG_8499-compressor.jpg?strip=info&#038;w=600 600w,https:\/\/i0.wp.com\/losegador.com\/losegador\/wp-content\/uploads\/2020\/05\/IMG_8499-compressor.jpg?strip=info&#038;w=900 900w,https:\/\/i0.wp.com\/losegador.com\/losegador\/wp-content\/uploads\/2020\/05\/IMG_8499-compressor.jpg?strip=info&#038;w=1200 1200w\" alt=\"\" data-height=\"800\" data-id=\"2909\" data-link=\"http:\/\/losegador.com\/losegador\/pagina-ejemplo\/img_8499-compressor\/\" data-url=\"http:\/\/losegador.com\/losegador\/wp-content\/uploads\/2020\/05\/IMG_8499-compressor.jpg\" data-width=\"1200\" src=\"https:\/\/i0.wp.com\/losegador.com\/losegador\/wp-content\/uploads\/2020\/05\/IMG_8499-compressor.jpg\"\/><\/figure><\/div><div class=\"tiled-gallery__col\"><figure class=\"tiled-gallery__item\"><img decoding=\"async\" srcset=\"https:\/\/i2.wp.com\/losegador.com\/losegador\/wp-content\/uploads\/2020\/05\/IMG_9928.jpg?strip=info&#038;w=600 600w,https:\/\/i2.wp.com\/losegador.com\/losegador\/wp-content\/uploads\/2020\/05\/IMG_9928.jpg?strip=info&#038;w=900 900w,https:\/\/i2.wp.com\/losegador.com\/losegador\/wp-content\/uploads\/2020\/05\/IMG_9928.jpg?strip=info&#038;w=1200 1200w\" alt=\"\" data-height=\"1600\" data-id=\"2924\" data-link=\"http:\/\/losegador.com\/losegador\/pagina-ejemplo\/img_9928-3\/\" data-url=\"http:\/\/losegador.com\/losegador\/wp-content\/uploads\/2020\/05\/IMG_9928.jpg\" data-width=\"1200\" src=\"https:\/\/i2.wp.com\/losegador.com\/losegador\/wp-content\/uploads\/2020\/05\/IMG_9928.jpg\"\/><\/figure><\/div><\/div><div class=\"tiled-gallery__row\"><div class=\"tiled-gallery__col\"><figure class=\"tiled-gallery__item\"><img decoding=\"async\" srcset=\"https:\/\/i0.wp.com\/losegador.com\/losegador\/wp-content\/uploads\/2020\/04\/IMG_7374-compressor.jpg?strip=info&#038;w=600 600w,https:\/\/i0.wp.com\/losegador.com\/losegador\/wp-content\/uploads\/2020\/04\/IMG_7374-compressor.jpg?strip=info&#038;w=900 900w,https:\/\/i0.wp.com\/losegador.com\/losegador\/wp-content\/uploads\/2020\/04\/IMG_7374-compressor.jpg?strip=info&#038;w=1200 1200w\" alt=\"\" data-height=\"1600\" data-id=\"2791\" data-link=\"http:\/\/losegador.com\/losegador\/la-casa\/img_7374-compressor\/\" data-url=\"http:\/\/losegador.com\/losegador\/wp-content\/uploads\/2020\/04\/IMG_7374-compressor.jpg\" data-width=\"1200\" src=\"https:\/\/i0.wp.com\/losegador.com\/losegador\/wp-content\/uploads\/2020\/04\/IMG_7374-compressor.jpg\"\/><\/figure><\/div><div class=\"tiled-gallery__col\"><figure class=\"tiled-gallery__item\"><img decoding=\"async\" srcset=\"https:\/\/i0.wp.com\/losegador.com\/losegador\/wp-content\/uploads\/2020\/05\/IMG_8512-1.jpg?strip=info&#038;w=600 600w,https:\/\/i0.wp.com\/losegador.com\/losegador\/wp-content\/uploads\/2020\/05\/IMG_8512-1.jpg?strip=info&#038;w=900 900w,https:\/\/i0.wp.com\/losegador.com\/losegador\/wp-content\/uploads\/2020\/05\/IMG_8512-1.jpg?strip=info&#038;w=1200 1200w\" alt=\"\" data-height=\"800\" data-id=\"2920\" data-link=\"http:\/\/losegador.com\/losegador\/pagina-ejemplo\/img_8512-1\/\" data-url=\"http:\/\/losegador.com\/losegador\/wp-content\/uploads\/2020\/05\/IMG_8512-1.jpg\" data-width=\"1200\" src=\"https:\/\/i0.wp.com\/losegador.com\/losegador\/wp-content\/uploads\/2020\/05\/IMG_8512-1.jpg\"\/><\/figure><figure class=\"tiled-gallery__item\"><img decoding=\"async\" srcset=\"https:\/\/i1.wp.com\/losegador.com\/losegador\/wp-content\/uploads\/2020\/04\/IMG_1856-compressor-2.jpg?strip=info&#038;w=600 600w,https:\/\/i1.wp.com\/losegador.com\/losegador\/wp-content\/uploads\/2020\/04\/IMG_1856-compressor-2.jpg?strip=info&#038;w=900 900w,https:\/\/i1.wp.com\/losegador.com\/losegador\/wp-content\/uploads\/2020\/04\/IMG_1856-compressor-2.jpg?strip=info&#038;w=1200 1200w\" alt=\"\" data-height=\"900\" data-id=\"2794\" data-link=\"http:\/\/losegador.com\/losegador\/la-casa\/img_1856-compressor-2\/\" data-url=\"http:\/\/losegador.com\/losegador\/wp-content\/uploads\/2020\/04\/IMG_1856-compressor-2.jpg\" data-width=\"1200\" src=\"https:\/\/i1.wp.com\/losegador.com\/losegador\/wp-content\/uploads\/2020\/04\/IMG_1856-compressor-2.jpg\"\/><\/figure><figure class=\"tiled-gallery__item\"><img decoding=\"async\" srcset=\"https:\/\/i2.wp.com\/losegador.com\/losegador\/wp-content\/uploads\/2020\/04\/IMG_1857-compressor-2.jpg?strip=info&#038;w=600 600w,https:\/\/i2.wp.com\/losegador.com\/losegador\/wp-content\/uploads\/2020\/04\/IMG_1857-compressor-2.jpg?strip=info&#038;w=900 900w,https:\/\/i2.wp.com\/losegador.com\/losegador\/wp-content\/uploads\/2020\/04\/IMG_1857-compressor-2.jpg?strip=info&#038;w=1200 1200w\" alt=\"\" data-height=\"900\" data-id=\"2793\" data-link=\"http:\/\/losegador.com\/losegador\/la-casa\/img_1857-compressor-2\/\" data-url=\"http:\/\/losegador.com\/losegador\/wp-content\/uploads\/2020\/04\/IMG_1857-compressor-2.jpg\" data-width=\"1200\" src=\"https:\/\/i2.wp.com\/losegador.com\/losegador\/wp-content\/uploads\/2020\/04\/IMG_1857-compressor-2.jpg\"\/><\/figure><\/div><\/div><div class=\"tiled-gallery__row\"><div class=\"tiled-gallery__col\"><figure class=\"tiled-gallery__item\"><img decoding=\"async\" srcset=\"https:\/\/i1.wp.com\/losegador.com\/losegador\/wp-content\/uploads\/2020\/06\/Fotos-Lo-Segador-Toni-Leiva-Sanchezmar-12-2020_87A3549.jpg?strip=info&#038;w=600 600w,https:\/\/i1.wp.com\/losegador.com\/losegador\/wp-content\/uploads\/2020\/06\/Fotos-Lo-Segador-Toni-Leiva-Sanchezmar-12-2020_87A3549.jpg?strip=info&#038;w=900 900w\" alt=\"\" data-height=\"979\" data-id=\"3666\" data-link=\"http:\/\/losegador.com\/losegador\/pagina-ejemplo\/fotos-lo-segador-toni-leiva-sanchezmar-12-2020_87a3549-2\/\" data-url=\"http:\/\/losegador.com\/losegador\/wp-content\/uploads\/2020\/06\/Fotos-Lo-Segador-Toni-Leiva-Sanchezmar-12-2020_87A3549.jpg\" data-width=\"900\" src=\"https:\/\/i1.wp.com\/losegador.com\/losegador\/wp-content\/uploads\/2020\/06\/Fotos-Lo-Segador-Toni-Leiva-Sanchezmar-12-2020_87A3549.jpg\"\/><\/figure><\/div><div class=\"tiled-gallery__col\"><figure class=\"tiled-gallery__item\"><img decoding=\"async\" srcset=\"https:\/\/i0.wp.com\/losegador.com\/losegador\/wp-content\/uploads\/2020\/05\/IMG_8500-1.jpg?strip=info&#038;w=600 600w,https:\/\/i0.wp.com\/losegador.com\/losegador\/wp-content\/uploads\/2020\/05\/IMG_8500-1.jpg?strip=info&#038;w=900 900w,https:\/\/i0.wp.com\/losegador.com\/losegador\/wp-content\/uploads\/2020\/05\/IMG_8500-1.jpg?strip=info&#038;w=1200 1200w\" alt=\"\" data-height=\"1800\" data-id=\"2919\" data-link=\"http:\/\/losegador.com\/losegador\/pagina-ejemplo\/img_8500-1-2\/\" data-url=\"http:\/\/losegador.com\/losegador\/wp-content\/uploads\/2020\/05\/IMG_8500-1.jpg\" data-width=\"1200\" src=\"https:\/\/i0.wp.com\/losegador.com\/losegador\/wp-content\/uploads\/2020\/05\/IMG_8500-1.jpg\"\/><\/figure><\/div><div class=\"tiled-gallery__col\"><figure class=\"tiled-gallery__item\"><img decoding=\"async\" srcset=\"https:\/\/i0.wp.com\/losegador.com\/losegador\/wp-content\/uploads\/2020\/06\/Fotos-Lo-Segador-Toni-Leiva-Sanchezmar-12-2020_87A3547.jpg?strip=info&#038;w=600 600w,https:\/\/i0.wp.com\/losegador.com\/losegador\/wp-content\/uploads\/2020\/06\/Fotos-Lo-Segador-Toni-Leiva-Sanchezmar-12-2020_87A3547.jpg?strip=info&#038;w=900 900w,https:\/\/i0.wp.com\/losegador.com\/losegador\/wp-content\/uploads\/2020\/06\/Fotos-Lo-Segador-Toni-Leiva-Sanchezmar-12-2020_87A3547.jpg?strip=info&#038;w=1200 1200w,https:\/\/i0.wp.com\/losegador.com\/losegador\/wp-content\/uploads\/2020\/06\/Fotos-Lo-Segador-Toni-Leiva-Sanchezmar-12-2020_87A3547.jpg?strip=info&#038;w=1500 1500w,https:\/\/i0.wp.com\/losegador.com\/losegador\/wp-content\/uploads\/2020\/06\/Fotos-Lo-Segador-Toni-Leiva-Sanchezmar-12-2020_87A3547.jpg?strip=info&#038;w=1800 1800w,https:\/\/i0.wp.com\/losegador.com\/losegador\/wp-content\/uploads\/2020\/06\/Fotos-Lo-Segador-Toni-Leiva-Sanchezmar-12-2020_87A3547.jpg?strip=info&#038;w=2000 2000w\" alt=\"\" data-height=\"1600\" data-id=\"4776\" data-link=\"http:\/\/losegador.com\/losegador\/la-casa\/fotos-lo-segador-toni-leiva-sanchezmar-12-2020_87a3547-2\/\" data-url=\"http:\/\/losegador.com\/losegador\/wp-content\/uploads\/2020\/06\/Fotos-Lo-Segador-Toni-Leiva-Sanchezmar-12-2020_87A3547.jpg\" data-width=\"2400\" src=\"https:\/\/i0.wp.com\/losegador.com\/losegador\/wp-content\/uploads\/2020\/06\/Fotos-Lo-Segador-Toni-Leiva-Sanchezmar-12-2020_87A3547.jpg\"\/><\/figure><\/div><\/div><\/div><\/div>\n\n\n\n<p style=\"text-align:left\"><\/p>\n\n\n\n<p>Llocs comuns per al descansar i xalar. El pati, la terrassa, la cuina i l&#8217;observatori.<\/p>\n\n\n\n<p><\/p>\n\n\n\n<div class=\"wp-block-jetpack-tiled-gallery alignfull is-style-rectangular\"><div class=\"tiled-gallery__gallery\"><div class=\"tiled-gallery__row\"><div class=\"tiled-gallery__col\"><figure class=\"tiled-gallery__item\"><img decoding=\"async\" srcset=\"https:\/\/i2.wp.com\/losegador.com\/losegador\/wp-content\/uploads\/2020\/04\/IMG_9604-1.jpg?strip=info&#038;w=600 600w,https:\/\/i2.wp.com\/losegador.com\/losegador\/wp-content\/uploads\/2020\/04\/IMG_9604-1.jpg?strip=info&#038;w=900 900w,https:\/\/i2.wp.com\/losegador.com\/losegador\/wp-content\/uploads\/2020\/04\/IMG_9604-1.jpg?strip=info&#038;w=1200 1200w\" alt=\"\" data-height=\"1200\" data-id=\"2804\" data-link=\"http:\/\/losegador.com\/losegador\/la-casa\/img_9604-1\/\" data-url=\"http:\/\/losegador.com\/losegador\/wp-content\/uploads\/2020\/04\/IMG_9604-1.jpg\" data-width=\"1200\" src=\"https:\/\/i2.wp.com\/losegador.com\/losegador\/wp-content\/uploads\/2020\/04\/IMG_9604-1.jpg\"\/><\/figure><\/div><div class=\"tiled-gallery__col\"><figure class=\"tiled-gallery__item\"><img decoding=\"async\" srcset=\"https:\/\/i2.wp.com\/losegador.com\/losegador\/wp-content\/uploads\/2020\/05\/observatori.jpg?strip=info&#038;w=600 600w,https:\/\/i2.wp.com\/losegador.com\/losegador\/wp-content\/uploads\/2020\/05\/observatori.jpg?strip=info&#038;w=900 900w,https:\/\/i2.wp.com\/losegador.com\/losegador\/wp-content\/uploads\/2020\/05\/observatori.jpg?strip=info&#038;w=1200 1200w\" alt=\"\" data-height=\"800\" data-id=\"3034\" data-link=\"http:\/\/losegador.com\/losegador\/la-casa\/observatori\/\" data-url=\"http:\/\/losegador.com\/losegador\/wp-content\/uploads\/2020\/05\/observatori.jpg\" data-width=\"1200\" src=\"https:\/\/i2.wp.com\/losegador.com\/losegador\/wp-content\/uploads\/2020\/05\/observatori.jpg\"\/><\/figure><\/div><\/div><\/div><\/div>\n\n\n\n<p style=\"text-align:left\">Part de la nostra energia \u00e9s renovable, amb plaques solars i recollida d&#8217;aigua de pluja per regar a tota la casa.<\/p>\n","protected":false},"excerpt":{"rendered":"<p>Situada al Carrer Major i una mica m\u00e9s enll\u00e0 de l&#8217;esgl\u00e9sia, emmarcada per palmeres altes i boniques, Lo Segador activa els nostres sentits, donant-nos la benvinguda a aquest lloc \u00fanic [&hellip;]<\/p>\n","protected":false},"author":1,"featured_media":3156,"parent":0,"menu_order":0,"comment_status":"closed","ping_status":"closed","template":"templates\/template-entorno.php","meta":{"_acf_changed":false,"_uag_custom_page_level_css":"","footnotes":""},"class_list":["post-3755","page","type-page","status-publish","has-post-thumbnail","hentry"],"acf":[],"yoast_head":"<!-- This site is optimized with the Yoast SEO plugin v27.5 - https:\/\/yoast.com\/product\/yoast-seo-wordpress\/ -->\n<title>La casa - Lo Segador<\/title>\n<meta name=\"robots\" content=\"index, follow, max-snippet:-1, max-image-preview:large, max-video-preview:-1\" \/>\n<link rel=\"canonical\" href=\"https:\/\/losegador.com\/ca\/la-casa\/\" \/>\n<meta property=\"og:locale\" content=\"ca_ES\" \/>\n<meta property=\"og:type\" content=\"article\" \/>\n<meta property=\"og:title\" content=\"La casa - Lo Segador\" \/>\n<meta property=\"og:description\" content=\"Situada al Carrer Major i una mica m\u00e9s enll\u00e0 de l&#8217;esgl\u00e9sia, emmarcada per palmeres altes i boniques, Lo Segador activa els nostres sentits, donant-nos la benvinguda a aquest lloc \u00fanic [&hellip;]\" \/>\n<meta property=\"og:url\" content=\"https:\/\/losegador.com\/ca\/la-casa\/\" \/>\n<meta property=\"og:site_name\" content=\"Lo Segador\" \/>\n<meta property=\"article:publisher\" content=\"https:\/\/www.facebook.com\/losegador\/\" \/>\n<meta property=\"article:modified_time\" content=\"2020-06-25T14:57:52+00:00\" \/>\n<meta property=\"og:image\" content=\"https:\/\/losegador.com\/losegador\/wp-content\/uploads\/2020\/04\/IMG_8442-1.jpg\" \/>\n\t<meta property=\"og:image:width\" content=\"3888\" \/>\n\t<meta property=\"og:image:height\" content=\"2592\" \/>\n\t<meta property=\"og:image:type\" content=\"image\/jpeg\" \/>\n<meta name=\"twitter:card\" content=\"summary_large_image\" \/>\n<script type=\"application\/ld+json\" class=\"yoast-schema-graph\">{\"@context\":\"https:\\\/\\\/schema.org\",\"@graph\":[{\"@type\":\"WebPage\",\"@id\":\"https:\\\/\\\/losegador.com\\\/ca\\\/la-casa\\\/\",\"url\":\"https:\\\/\\\/losegador.com\\\/ca\\\/la-casa\\\/\",\"name\":\"La casa - Lo Segador\",\"isPartOf\":{\"@id\":\"https:\\\/\\\/losegador.com\\\/ca\\\/#website\"},\"primaryImageOfPage\":{\"@id\":\"https:\\\/\\\/losegador.com\\\/ca\\\/la-casa\\\/#primaryimage\"},\"image\":{\"@id\":\"https:\\\/\\\/losegador.com\\\/ca\\\/la-casa\\\/#primaryimage\"},\"thumbnailUrl\":\"https:\\\/\\\/losegador.com\\\/losegador\\\/wp-content\\\/uploads\\\/2020\\\/04\\\/IMG_8442-1.jpg\",\"datePublished\":\"2020-06-11T16:17:55+00:00\",\"dateModified\":\"2020-06-25T14:57:52+00:00\",\"breadcrumb\":{\"@id\":\"https:\\\/\\\/losegador.com\\\/ca\\\/la-casa\\\/#breadcrumb\"},\"inLanguage\":\"ca\",\"potentialAction\":[{\"@type\":\"ReadAction\",\"target\":[\"https:\\\/\\\/losegador.com\\\/ca\\\/la-casa\\\/\"]}]},{\"@type\":\"ImageObject\",\"inLanguage\":\"ca\",\"@id\":\"https:\\\/\\\/losegador.com\\\/ca\\\/la-casa\\\/#primaryimage\",\"url\":\"https:\\\/\\\/losegador.com\\\/losegador\\\/wp-content\\\/uploads\\\/2020\\\/04\\\/IMG_8442-1.jpg\",\"contentUrl\":\"https:\\\/\\\/losegador.com\\\/losegador\\\/wp-content\\\/uploads\\\/2020\\\/04\\\/IMG_8442-1.jpg\",\"width\":3888,\"height\":2592},{\"@type\":\"BreadcrumbList\",\"@id\":\"https:\\\/\\\/losegador.com\\\/ca\\\/la-casa\\\/#breadcrumb\",\"itemListElement\":[{\"@type\":\"ListItem\",\"position\":1,\"name\":\"Portada\",\"item\":\"https:\\\/\\\/losegador.com\\\/ca\\\/\"},{\"@type\":\"ListItem\",\"position\":2,\"name\":\"La casa\"}]},{\"@type\":\"WebSite\",\"@id\":\"https:\\\/\\\/losegador.com\\\/ca\\\/#website\",\"url\":\"https:\\\/\\\/losegador.com\\\/ca\\\/\",\"name\":\"Lo Segador\",\"description\":\"\",\"publisher\":{\"@id\":\"https:\\\/\\\/losegador.com\\\/ca\\\/#organization\"},\"potentialAction\":[{\"@type\":\"SearchAction\",\"target\":{\"@type\":\"EntryPoint\",\"urlTemplate\":\"https:\\\/\\\/losegador.com\\\/ca\\\/?s={search_term_string}\"},\"query-input\":{\"@type\":\"PropertyValueSpecification\",\"valueRequired\":true,\"valueName\":\"search_term_string\"}}],\"inLanguage\":\"ca\"},{\"@type\":\"Organization\",\"@id\":\"https:\\\/\\\/losegador.com\\\/ca\\\/#organization\",\"name\":\"Lo Segador\",\"url\":\"https:\\\/\\\/losegador.com\\\/ca\\\/\",\"logo\":{\"@type\":\"ImageObject\",\"inLanguage\":\"ca\",\"@id\":\"https:\\\/\\\/losegador.com\\\/ca\\\/#\\\/schema\\\/logo\\\/image\\\/\",\"url\":\"https:\\\/\\\/losegador.com\\\/losegador\\\/wp-content\\\/uploads\\\/2020\\\/06\\\/lo-segador-logo.png\",\"contentUrl\":\"https:\\\/\\\/losegador.com\\\/losegador\\\/wp-content\\\/uploads\\\/2020\\\/06\\\/lo-segador-logo.png\",\"width\":600,\"height\":400,\"caption\":\"Lo Segador\"},\"image\":{\"@id\":\"https:\\\/\\\/losegador.com\\\/ca\\\/#\\\/schema\\\/logo\\\/image\\\/\"},\"sameAs\":[\"https:\\\/\\\/www.facebook.com\\\/losegador\\\/\",\"https:\\\/\\\/www.instagram.com\\\/lo_segador\\\/\"]}]}<\/script>\n<!-- \/ Yoast SEO plugin. -->","yoast_head_json":{"title":"La casa - Lo Segador","robots":{"index":"index","follow":"follow","max-snippet":"max-snippet:-1","max-image-preview":"max-image-preview:large","max-video-preview":"max-video-preview:-1"},"canonical":"https:\/\/losegador.com\/ca\/la-casa\/","og_locale":"ca_ES","og_type":"article","og_title":"La casa - Lo Segador","og_description":"Situada al Carrer Major i una mica m\u00e9s enll\u00e0 de l&#8217;esgl\u00e9sia, emmarcada per palmeres altes i boniques, Lo Segador activa els nostres sentits, donant-nos la benvinguda a aquest lloc \u00fanic [&hellip;]","og_url":"https:\/\/losegador.com\/ca\/la-casa\/","og_site_name":"Lo Segador","article_publisher":"https:\/\/www.facebook.com\/losegador\/","article_modified_time":"2020-06-25T14:57:52+00:00","og_image":[{"width":3888,"height":2592,"url":"https:\/\/losegador.com\/losegador\/wp-content\/uploads\/2020\/04\/IMG_8442-1.jpg","type":"image\/jpeg"}],"twitter_card":"summary_large_image","schema":{"@context":"https:\/\/schema.org","@graph":[{"@type":"WebPage","@id":"https:\/\/losegador.com\/ca\/la-casa\/","url":"https:\/\/losegador.com\/ca\/la-casa\/","name":"La casa - Lo Segador","isPartOf":{"@id":"https:\/\/losegador.com\/ca\/#website"},"primaryImageOfPage":{"@id":"https:\/\/losegador.com\/ca\/la-casa\/#primaryimage"},"image":{"@id":"https:\/\/losegador.com\/ca\/la-casa\/#primaryimage"},"thumbnailUrl":"https:\/\/losegador.com\/losegador\/wp-content\/uploads\/2020\/04\/IMG_8442-1.jpg","datePublished":"2020-06-11T16:17:55+00:00","dateModified":"2020-06-25T14:57:52+00:00","breadcrumb":{"@id":"https:\/\/losegador.com\/ca\/la-casa\/#breadcrumb"},"inLanguage":"ca","potentialAction":[{"@type":"ReadAction","target":["https:\/\/losegador.com\/ca\/la-casa\/"]}]},{"@type":"ImageObject","inLanguage":"ca","@id":"https:\/\/losegador.com\/ca\/la-casa\/#primaryimage","url":"https:\/\/losegador.com\/losegador\/wp-content\/uploads\/2020\/04\/IMG_8442-1.jpg","contentUrl":"https:\/\/losegador.com\/losegador\/wp-content\/uploads\/2020\/04\/IMG_8442-1.jpg","width":3888,"height":2592},{"@type":"BreadcrumbList","@id":"https:\/\/losegador.com\/ca\/la-casa\/#breadcrumb","itemListElement":[{"@type":"ListItem","position":1,"name":"Portada","item":"https:\/\/losegador.com\/ca\/"},{"@type":"ListItem","position":2,"name":"La casa"}]},{"@type":"WebSite","@id":"https:\/\/losegador.com\/ca\/#website","url":"https:\/\/losegador.com\/ca\/","name":"Lo Segador","description":"","publisher":{"@id":"https:\/\/losegador.com\/ca\/#organization"},"potentialAction":[{"@type":"SearchAction","target":{"@type":"EntryPoint","urlTemplate":"https:\/\/losegador.com\/ca\/?s={search_term_string}"},"query-input":{"@type":"PropertyValueSpecification","valueRequired":true,"valueName":"search_term_string"}}],"inLanguage":"ca"},{"@type":"Organization","@id":"https:\/\/losegador.com\/ca\/#organization","name":"Lo Segador","url":"https:\/\/losegador.com\/ca\/","logo":{"@type":"ImageObject","inLanguage":"ca","@id":"https:\/\/losegador.com\/ca\/#\/schema\/logo\/image\/","url":"https:\/\/losegador.com\/losegador\/wp-content\/uploads\/2020\/06\/lo-segador-logo.png","contentUrl":"https:\/\/losegador.com\/losegador\/wp-content\/uploads\/2020\/06\/lo-segador-logo.png","width":600,"height":400,"caption":"Lo Segador"},"image":{"@id":"https:\/\/losegador.com\/ca\/#\/schema\/logo\/image\/"},"sameAs":["https:\/\/www.facebook.com\/losegador\/","https:\/\/www.instagram.com\/lo_segador\/"]}]}},"uagb_featured_image_src":{"full":["https:\/\/losegador.com\/losegador\/wp-content\/uploads\/2020\/04\/IMG_8442-1.jpg",3888,2592,false],"thumbnail":["https:\/\/losegador.com\/losegador\/wp-content\/uploads\/2020\/04\/IMG_8442-1-300x300.jpg",300,300,true],"medium":["https:\/\/losegador.com\/losegador\/wp-content\/uploads\/2020\/04\/IMG_8442-1-900x600.jpg",900,600,true],"medium_large":["https:\/\/losegador.com\/losegador\/wp-content\/uploads\/2020\/04\/IMG_8442-1-768x512.jpg",580,387,true],"large":["https:\/\/losegador.com\/losegador\/wp-content\/uploads\/2020\/04\/IMG_8442-1-1536x1024.jpg",580,387,true],"1536x1536":["https:\/\/losegador.com\/losegador\/wp-content\/uploads\/2020\/04\/IMG_8442-1.jpg",1536,1024,false],"2048x2048":["https:\/\/losegador.com\/losegador\/wp-content\/uploads\/2020\/04\/IMG_8442-1.jpg",2048,1365,false],"post-thumbnail":["https:\/\/losegador.com\/losegador\/wp-content\/uploads\/2020\/04\/IMG_8442-1-1200x800.jpg",1200,800,true],"twentytwenty-fullscreen":["https:\/\/losegador.com\/losegador\/wp-content\/uploads\/2020\/04\/IMG_8442-1-1980x1320.jpg",1980,1320,true]},"uagb_author_info":{"display_name":"Dora","author_link":"https:\/\/losegador.com\/ca\/author\/admin\/"},"uagb_comment_info":0,"uagb_excerpt":"Situada al Carrer Major i una mica m\u00e9s enll\u00e0 de l&#8217;esgl\u00e9sia, emmarcada per palmeres altes i boniques, Lo Segador activa els nostres sentits, donant-nos la benvinguda a aquest lloc \u00fanic [&hellip;]","jetpack_sharing_enabled":true,"_links":{"self":[{"href":"https:\/\/losegador.com\/ca\/wp-json\/wp\/v2\/pages\/3755","targetHints":{"allow":["GET"]}}],"collection":[{"href":"https:\/\/losegador.com\/ca\/wp-json\/wp\/v2\/pages"}],"about":[{"href":"https:\/\/losegador.com\/ca\/wp-json\/wp\/v2\/types\/page"}],"author":[{"embeddable":true,"href":"https:\/\/losegador.com\/ca\/wp-json\/wp\/v2\/users\/1"}],"replies":[{"embeddable":true,"href":"https:\/\/losegador.com\/ca\/wp-json\/wp\/v2\/comments?post=3755"}],"version-history":[{"count":7,"href":"https:\/\/losegador.com\/ca\/wp-json\/wp\/v2\/pages\/3755\/revisions"}],"predecessor-version":[{"id":4850,"href":"https:\/\/losegador.com\/ca\/wp-json\/wp\/v2\/pages\/3755\/revisions\/4850"}],"wp:featuredmedia":[{"embeddable":true,"href":"https:\/\/losegador.com\/ca\/wp-json\/wp\/v2\/media\/3156"}],"wp:attachment":[{"href":"https:\/\/losegador.com\/ca\/wp-json\/wp\/v2\/media?parent=3755"}],"curies":[{"name":"wp","href":"https:\/\/api.w.org\/{rel}","templated":true}]}}