{"id":3753,"date":"2020-06-11T16:14:24","date_gmt":"2020-06-11T16:14:24","guid":{"rendered":"http:\/\/losegador.com\/losegador\/laltra-casa\/"},"modified":"2020-06-25T15:16:11","modified_gmt":"2020-06-25T15:16:11","slug":"laltra-casa","status":"publish","type":"page","link":"https:\/\/losegador.com\/ca\/laltra-casa\/","title":{"rendered":"L&#8217;Altra casa"},"content":{"rendered":"\n<p><strong>La casa de la Lluna<\/strong> \u00e9s una casa de poble individual, dins de la mateixa poblaci\u00f3 del Poble nou de Delta, amb 4 habitacions i capacitat per a 10 persones i m\u00ednim 4, t\u00e9 un pati amb barbacoa i infinitat de plantes, una cuina completament equipada i oberta a la sala d&#8217;estar amb llar de foc, creant un espai molt c\u00f2mode per compartir i gaudir amb la fam\u00edlia, amb els amics o qui tu decideixis.<\/p>\n\n\n\n<p>La casa t&#8217;ofereix tot el confort, wifi i televisi\u00f3, llar de foc i calefacci\u00f3 per a l&#8217;hivern i aire condicionat a l&#8217;estiu, teles mosquiteres en totes les finestres, una banyera \u00e0mplia i lluminosa. Al pati hi ha un altre bany amb dutxa especial per a l&#8217;estiu i arribant de la platja puguis treure&#8217;t la sal i la sorra sense haver d&#8217;entrar a la casa.<\/p>\n\n\n\n<div class=\"wp-block-jetpack-tiled-gallery alignfull is-style-rectangular\"><div class=\"tiled-gallery__gallery\"><div class=\"tiled-gallery__row\"><div class=\"tiled-gallery__col\"><figure class=\"tiled-gallery__item\"><img decoding=\"async\" srcset=\"https:\/\/i2.wp.com\/losegador.com\/losegador\/wp-content\/uploads\/2020\/06\/escala-lluna.jpg?strip=info&#038;w=600 600w,https:\/\/i2.wp.com\/losegador.com\/losegador\/wp-content\/uploads\/2020\/06\/escala-lluna.jpg?strip=info&#038;w=900 900w,https:\/\/i2.wp.com\/losegador.com\/losegador\/wp-content\/uploads\/2020\/06\/escala-lluna.jpg?strip=info&#038;w=1200 1200w\" alt=\"\" data-height=\"1600\" data-id=\"4397\" data-link=\"http:\/\/losegador.com\/losegador\/la-casa-lluna\/escala-lluna-2\/\" data-url=\"http:\/\/losegador.com\/losegador\/wp-content\/uploads\/2020\/06\/escala-lluna.jpg\" data-width=\"1200\" src=\"https:\/\/i2.wp.com\/losegador.com\/losegador\/wp-content\/uploads\/2020\/06\/escala-lluna.jpg\"\/><\/figure><\/div><div class=\"tiled-gallery__col\"><figure class=\"tiled-gallery__item\"><img decoding=\"async\" srcset=\"https:\/\/i0.wp.com\/losegador.com\/losegador\/wp-content\/uploads\/2020\/06\/palmera-lluna.jpg?strip=info&#038;w=600 600w,https:\/\/i0.wp.com\/losegador.com\/losegador\/wp-content\/uploads\/2020\/06\/palmera-lluna.jpg?strip=info&#038;w=900 900w,https:\/\/i0.wp.com\/losegador.com\/losegador\/wp-content\/uploads\/2020\/06\/palmera-lluna.jpg?strip=info&#038;w=1200 1200w\" alt=\"\" data-height=\"1600\" data-id=\"4391\" data-link=\"http:\/\/losegador.com\/losegador\/la-casa-lluna\/palmera-lluna-2\/\" data-url=\"http:\/\/losegador.com\/losegador\/wp-content\/uploads\/2020\/06\/palmera-lluna.jpg\" data-width=\"1200\" src=\"https:\/\/i0.wp.com\/losegador.com\/losegador\/wp-content\/uploads\/2020\/06\/palmera-lluna.jpg\"\/><\/figure><\/div><div class=\"tiled-gallery__col\"><figure class=\"tiled-gallery__item\"><img decoding=\"async\" srcset=\"https:\/\/i2.wp.com\/losegador.com\/losegador\/wp-content\/uploads\/2020\/06\/ban\u0303o-luna.jpg?strip=info&#038;w=600 600w,https:\/\/i2.wp.com\/losegador.com\/losegador\/wp-content\/uploads\/2020\/06\/ban\u0303o-luna.jpg?strip=info&#038;w=900 900w\" alt=\"\" data-height=\"675\" data-id=\"4364\" data-link=\"http:\/\/losegador.com\/losegador\/la-casa-lluna\/ban%cc%83o-luna-2\/\" data-url=\"http:\/\/losegador.com\/losegador\/wp-content\/uploads\/2020\/06\/ban\u0303o-luna.jpg\" data-width=\"900\" src=\"https:\/\/i2.wp.com\/losegador.com\/losegador\/wp-content\/uploads\/2020\/06\/ban\u0303o-luna.jpg\"\/><\/figure><\/div><\/div><div class=\"tiled-gallery__row\"><div class=\"tiled-gallery__col\"><figure class=\"tiled-gallery__item\"><img decoding=\"async\" srcset=\"https:\/\/i2.wp.com\/losegador.com\/losegador\/wp-content\/uploads\/2020\/06\/IMG_0734PI-compressor.jpg?strip=info&#038;w=600 600w,https:\/\/i2.wp.com\/losegador.com\/losegador\/wp-content\/uploads\/2020\/06\/IMG_0734PI-compressor.jpg?strip=info&#038;w=900 900w,https:\/\/i2.wp.com\/losegador.com\/losegador\/wp-content\/uploads\/2020\/06\/IMG_0734PI-compressor.jpg?strip=info&#038;w=1200 1200w,https:\/\/i2.wp.com\/losegador.com\/losegador\/wp-content\/uploads\/2020\/06\/IMG_0734PI-compressor.jpg?strip=info&#038;w=1500 1500w,https:\/\/i2.wp.com\/losegador.com\/losegador\/wp-content\/uploads\/2020\/06\/IMG_0734PI-compressor.jpg?strip=info&#038;w=1800 1800w\" alt=\"\" data-height=\"1350\" data-id=\"4373\" data-link=\"http:\/\/losegador.com\/losegador\/la-casa-lluna\/img_0734pi-compressor\/\" data-url=\"http:\/\/losegador.com\/losegador\/wp-content\/uploads\/2020\/06\/IMG_0734PI-compressor.jpg\" data-width=\"1800\" src=\"https:\/\/i2.wp.com\/losegador.com\/losegador\/wp-content\/uploads\/2020\/06\/IMG_0734PI-compressor.jpg\"\/><\/figure><\/div><div class=\"tiled-gallery__col\"><figure class=\"tiled-gallery__item\"><img decoding=\"async\" srcset=\"https:\/\/i1.wp.com\/losegador.com\/losegador\/wp-content\/uploads\/2020\/06\/IMG_0824PI-compressor.jpg?strip=info&#038;w=600 600w,https:\/\/i1.wp.com\/losegador.com\/losegador\/wp-content\/uploads\/2020\/06\/IMG_0824PI-compressor.jpg?strip=info&#038;w=900 900w,https:\/\/i1.wp.com\/losegador.com\/losegador\/wp-content\/uploads\/2020\/06\/IMG_0824PI-compressor.jpg?strip=info&#038;w=1200 1200w,https:\/\/i1.wp.com\/losegador.com\/losegador\/wp-content\/uploads\/2020\/06\/IMG_0824PI-compressor.jpg?strip=info&#038;w=1500 1500w,https:\/\/i1.wp.com\/losegador.com\/losegador\/wp-content\/uploads\/2020\/06\/IMG_0824PI-compressor.jpg?strip=info&#038;w=1800 1800w\" alt=\"\" data-height=\"1350\" data-id=\"4400\" data-link=\"http:\/\/losegador.com\/losegador\/la-casa-lluna\/img_0824pi-compressor-2\/\" data-url=\"http:\/\/losegador.com\/losegador\/wp-content\/uploads\/2020\/06\/IMG_0824PI-compressor.jpg\" data-width=\"1800\" src=\"https:\/\/i1.wp.com\/losegador.com\/losegador\/wp-content\/uploads\/2020\/06\/IMG_0824PI-compressor.jpg\"\/><\/figure><figure class=\"tiled-gallery__item\"><img decoding=\"async\" srcset=\"https:\/\/i1.wp.com\/losegador.com\/losegador\/wp-content\/uploads\/2020\/06\/habitacio-1-lluna.jpg?strip=info&#038;w=600 600w,https:\/\/i1.wp.com\/losegador.com\/losegador\/wp-content\/uploads\/2020\/06\/habitacio-1-lluna.jpg?strip=info&#038;w=900 900w,https:\/\/i1.wp.com\/losegador.com\/losegador\/wp-content\/uploads\/2020\/06\/habitacio-1-lluna.jpg?strip=info&#038;w=1200 1200w,https:\/\/i1.wp.com\/losegador.com\/losegador\/wp-content\/uploads\/2020\/06\/habitacio-1-lluna.jpg?strip=info&#038;w=1500 1500w\" alt=\"\" data-height=\"1125\" data-id=\"4370\" data-link=\"http:\/\/losegador.com\/losegador\/la-casa-lluna\/habitacio-1-lluna-2\/\" data-url=\"http:\/\/losegador.com\/losegador\/wp-content\/uploads\/2020\/06\/habitacio-1-lluna.jpg\" data-width=\"1500\" src=\"https:\/\/i1.wp.com\/losegador.com\/losegador\/wp-content\/uploads\/2020\/06\/habitacio-1-lluna.jpg\"\/><\/figure><\/div><\/div><div class=\"tiled-gallery__row\"><div class=\"tiled-gallery__col\"><figure class=\"tiled-gallery__item\"><img decoding=\"async\" srcset=\"https:\/\/i2.wp.com\/losegador.com\/losegador\/wp-content\/uploads\/2020\/06\/mandala-lluna.jpg?strip=info&#038;w=600 600w,https:\/\/i2.wp.com\/losegador.com\/losegador\/wp-content\/uploads\/2020\/06\/mandala-lluna.jpg?strip=info&#038;w=900 900w\" alt=\"\" data-height=\"675\" data-id=\"4388\" data-link=\"http:\/\/losegador.com\/losegador\/la-casa-lluna\/mandala-lluna-2\/\" data-url=\"http:\/\/losegador.com\/losegador\/wp-content\/uploads\/2020\/06\/mandala-lluna.jpg\" data-width=\"900\" src=\"https:\/\/i2.wp.com\/losegador.com\/losegador\/wp-content\/uploads\/2020\/06\/mandala-lluna.jpg\"\/><\/figure><figure class=\"tiled-gallery__item\"><img decoding=\"async\" srcset=\"https:\/\/i2.wp.com\/losegador.com\/losegador\/wp-content\/uploads\/2020\/06\/cuina-lluna-1.jpg?strip=info&#038;w=600 600w,https:\/\/i2.wp.com\/losegador.com\/losegador\/wp-content\/uploads\/2020\/06\/cuina-lluna-1.jpg?strip=info&#038;w=900 900w,https:\/\/i2.wp.com\/losegador.com\/losegador\/wp-content\/uploads\/2020\/06\/cuina-lluna-1.jpg?strip=info&#038;w=1200 1200w\" alt=\"\" data-height=\"900\" data-id=\"4311\" data-link=\"http:\/\/losegador.com\/losegador\/la-casa-lluna\/cuina-lluna-1\/\" data-url=\"http:\/\/losegador.com\/losegador\/wp-content\/uploads\/2020\/06\/cuina-lluna-1.jpg\" data-width=\"1200\" src=\"https:\/\/i2.wp.com\/losegador.com\/losegador\/wp-content\/uploads\/2020\/06\/cuina-lluna-1.jpg\"\/><\/figure><\/div><div class=\"tiled-gallery__col\"><figure class=\"tiled-gallery__item\"><img decoding=\"async\" srcset=\"https:\/\/i2.wp.com\/losegador.com\/losegador\/wp-content\/uploads\/2020\/06\/lluna-chmenea.jpg?strip=info&#038;w=600 600w,https:\/\/i2.wp.com\/losegador.com\/losegador\/wp-content\/uploads\/2020\/06\/lluna-chmenea.jpg?strip=info&#038;w=900 900w\" alt=\"\" data-height=\"675\" data-id=\"4385\" data-link=\"http:\/\/losegador.com\/losegador\/la-casa-lluna\/lluna-chmenea-2\/\" data-url=\"http:\/\/losegador.com\/losegador\/wp-content\/uploads\/2020\/06\/lluna-chmenea.jpg\" data-width=\"900\" src=\"https:\/\/i2.wp.com\/losegador.com\/losegador\/wp-content\/uploads\/2020\/06\/lluna-chmenea.jpg\"\/><\/figure><\/div><\/div><div class=\"tiled-gallery__row\"><div class=\"tiled-gallery__col\"><figure class=\"tiled-gallery__item\"><img decoding=\"async\" srcset=\"https:\/\/i0.wp.com\/losegador.com\/losegador\/wp-content\/uploads\/2020\/06\/lliteras-lluna.jpg?strip=info&#038;w=600 600w,https:\/\/i0.wp.com\/losegador.com\/losegador\/wp-content\/uploads\/2020\/06\/lliteras-lluna.jpg?strip=info&#038;w=900 900w,https:\/\/i0.wp.com\/losegador.com\/losegador\/wp-content\/uploads\/2020\/06\/lliteras-lluna.jpg?strip=info&#038;w=1125 1125w\" alt=\"\" data-height=\"843\" data-id=\"4382\" data-link=\"http:\/\/losegador.com\/losegador\/la-casa-lluna\/lliteras-lluna-2\/\" data-url=\"http:\/\/losegador.com\/losegador\/wp-content\/uploads\/2020\/06\/lliteras-lluna.jpg\" data-width=\"1125\" src=\"https:\/\/i0.wp.com\/losegador.com\/losegador\/wp-content\/uploads\/2020\/06\/lliteras-lluna.jpg\"\/><\/figure><\/div><div class=\"tiled-gallery__col\"><figure class=\"tiled-gallery__item\"><img decoding=\"async\" srcset=\"https:\/\/i1.wp.com\/losegador.com\/losegador\/wp-content\/uploads\/2020\/06\/vista-pajaro-luna.jpg?strip=info&#038;w=600 600w,https:\/\/i1.wp.com\/losegador.com\/losegador\/wp-content\/uploads\/2020\/06\/vista-pajaro-luna.jpg?strip=info&#038;w=900 900w\" alt=\"\" data-height=\"675\" data-id=\"4394\" data-link=\"http:\/\/losegador.com\/losegador\/la-casa-lluna\/vista-pajaro-luna-2\/\" data-url=\"http:\/\/losegador.com\/losegador\/wp-content\/uploads\/2020\/06\/vista-pajaro-luna.jpg\" data-width=\"900\" src=\"https:\/\/i1.wp.com\/losegador.com\/losegador\/wp-content\/uploads\/2020\/06\/vista-pajaro-luna.jpg\"\/><\/figure><\/div><div class=\"tiled-gallery__col\"><figure class=\"tiled-gallery__item\"><img decoding=\"async\" srcset=\"https:\/\/i0.wp.com\/losegador.com\/losegador\/wp-content\/uploads\/2020\/06\/IMG_1900-compressor.jpg?strip=info&#038;w=600 600w,https:\/\/i0.wp.com\/losegador.com\/losegador\/wp-content\/uploads\/2020\/06\/IMG_1900-compressor.jpg?strip=info&#038;w=900 900w\" alt=\"\" data-height=\"675\" data-id=\"4376\" data-link=\"http:\/\/losegador.com\/losegador\/la-casa-lluna\/img_1900-compressor\/\" data-url=\"http:\/\/losegador.com\/losegador\/wp-content\/uploads\/2020\/06\/IMG_1900-compressor.jpg\" data-width=\"900\" src=\"https:\/\/i0.wp.com\/losegador.com\/losegador\/wp-content\/uploads\/2020\/06\/IMG_1900-compressor.jpg\"\/><\/figure><\/div><div class=\"tiled-gallery__col\"><figure class=\"tiled-gallery__item\"><img decoding=\"async\" srcset=\"https:\/\/i0.wp.com\/losegador.com\/losegador\/wp-content\/uploads\/2020\/06\/jardi\u0301-lluna.jpg?strip=info&#038;w=600 600w,https:\/\/i0.wp.com\/losegador.com\/losegador\/wp-content\/uploads\/2020\/06\/jardi\u0301-lluna.jpg?strip=info&#038;w=900 900w\" alt=\"\" data-height=\"675\" data-id=\"4379\" data-link=\"http:\/\/losegador.com\/losegador\/la-casa-lluna\/jardi-lluna-2\/\" data-url=\"http:\/\/losegador.com\/losegador\/wp-content\/uploads\/2020\/06\/jardi\u0301-lluna.jpg\" data-width=\"900\" src=\"https:\/\/i0.wp.com\/losegador.com\/losegador\/wp-content\/uploads\/2020\/06\/jardi\u0301-lluna.jpg\"\/><\/figure><\/div><\/div><\/div><\/div>\n\n\n\n<p style=\"text-align:left\">L&#8217;amplitud i lluminositat dels espais comuns, et permeten planejar recessos, reunions de treball, cursos o tallers.<\/p>\n\n\n\n<figure class=\"wp-block-image\"><img loading=\"lazy\" decoding=\"async\" width=\"1200\" height=\"900\" src=\"https:\/\/losegador.com\/losegador\/wp-content\/uploads\/2020\/04\/IMG_9903-2.jpg\" alt=\"\" class=\"wp-image-2776\" srcset=\"https:\/\/losegador.com\/losegador\/wp-content\/uploads\/2020\/04\/IMG_9903-2.jpg 1200w, https:\/\/losegador.com\/losegador\/wp-content\/uploads\/2020\/04\/IMG_9903-2-900x675.jpg 900w, https:\/\/losegador.com\/losegador\/wp-content\/uploads\/2020\/04\/IMG_9903-2-768x576.jpg 768w\" sizes=\"auto, (max-width: 1200px) 100vw, 1200px\" \/><\/figure>\n\n\n\n<p style=\"text-align:left\">Amb unes vistes precioses a l&#8217;campanar de l&#8217;Esgl\u00e9sia i de la posta de sol sobre l&#8217;Montsi\u00e0.<\/p>\n\n\n\n<p style=\"text-align:center\"><\/p>\n\n\n\n<p style=\"text-align:center\"><a href=\"http:\/\/losegador.com\/ca\/contacte\/\">R E S E R V A R<\/a><\/p>\n\n\n","protected":false},"excerpt":{"rendered":"<p>La casa de la Lluna \u00e9s una casa de poble individual, dins de la mateixa poblaci\u00f3 del Poble nou de Delta, amb 4 habitacions i capacitat per a 10 persones [&hellip;]<\/p>\n","protected":false},"author":1,"featured_media":4361,"parent":0,"menu_order":0,"comment_status":"closed","ping_status":"closed","template":"templates\/template-entorno.php","meta":{"_acf_changed":false,"_uag_custom_page_level_css":"","footnotes":""},"class_list":["post-3753","page","type-page","status-publish","has-post-thumbnail","hentry"],"acf":[],"yoast_head":"<!-- This site is optimized with the Yoast SEO plugin v27.5 - https:\/\/yoast.com\/product\/yoast-seo-wordpress\/ -->\n<title>L&#039;Altra casa - Lo Segador<\/title>\n<meta name=\"robots\" content=\"index, follow, max-snippet:-1, max-image-preview:large, max-video-preview:-1\" \/>\n<link rel=\"canonical\" href=\"https:\/\/losegador.com\/ca\/laltra-casa\/\" \/>\n<meta property=\"og:locale\" content=\"ca_ES\" \/>\n<meta property=\"og:type\" content=\"article\" \/>\n<meta property=\"og:title\" content=\"L&#039;Altra casa - Lo Segador\" \/>\n<meta property=\"og:description\" content=\"La casa de la Lluna \u00e9s una casa de poble individual, dins de la mateixa poblaci\u00f3 del Poble nou de Delta, amb 4 habitacions i capacitat per a 10 persones [&hellip;]\" \/>\n<meta property=\"og:url\" content=\"https:\/\/losegador.com\/ca\/laltra-casa\/\" \/>\n<meta property=\"og:site_name\" content=\"Lo Segador\" \/>\n<meta property=\"article:publisher\" content=\"https:\/\/www.facebook.com\/losegador\/\" \/>\n<meta property=\"article:modified_time\" content=\"2020-06-25T15:16:11+00:00\" \/>\n<meta property=\"og:image\" content=\"https:\/\/losegador.com\/losegador\/wp-content\/uploads\/2020\/06\/portada-lluna-1980x1485.jpg\" \/>\n\t<meta property=\"og:image:width\" content=\"1980\" \/>\n\t<meta property=\"og:image:height\" content=\"1485\" \/>\n\t<meta property=\"og:image:type\" content=\"image\/jpeg\" \/>\n<meta name=\"twitter:card\" content=\"summary_large_image\" \/>\n<meta name=\"twitter:label1\" content=\"Temps estimat de lectura\" \/>\n\t<meta name=\"twitter:data1\" content=\"1 minut\" \/>\n<script type=\"application\/ld+json\" class=\"yoast-schema-graph\">{\"@context\":\"https:\\\/\\\/schema.org\",\"@graph\":[{\"@type\":\"WebPage\",\"@id\":\"https:\\\/\\\/losegador.com\\\/ca\\\/laltra-casa\\\/\",\"url\":\"https:\\\/\\\/losegador.com\\\/ca\\\/laltra-casa\\\/\",\"name\":\"L'Altra casa - Lo Segador\",\"isPartOf\":{\"@id\":\"https:\\\/\\\/losegador.com\\\/ca\\\/#website\"},\"primaryImageOfPage\":{\"@id\":\"https:\\\/\\\/losegador.com\\\/ca\\\/laltra-casa\\\/#primaryimage\"},\"image\":{\"@id\":\"https:\\\/\\\/losegador.com\\\/ca\\\/laltra-casa\\\/#primaryimage\"},\"thumbnailUrl\":\"https:\\\/\\\/losegador.com\\\/losegador\\\/wp-content\\\/uploads\\\/2020\\\/06\\\/portada-lluna-1980x1485.jpg\",\"datePublished\":\"2020-06-11T16:14:24+00:00\",\"dateModified\":\"2020-06-25T15:16:11+00:00\",\"breadcrumb\":{\"@id\":\"https:\\\/\\\/losegador.com\\\/ca\\\/laltra-casa\\\/#breadcrumb\"},\"inLanguage\":\"ca\",\"potentialAction\":[{\"@type\":\"ReadAction\",\"target\":[\"https:\\\/\\\/losegador.com\\\/ca\\\/laltra-casa\\\/\"]}]},{\"@type\":\"ImageObject\",\"inLanguage\":\"ca\",\"@id\":\"https:\\\/\\\/losegador.com\\\/ca\\\/laltra-casa\\\/#primaryimage\",\"url\":\"https:\\\/\\\/losegador.com\\\/losegador\\\/wp-content\\\/uploads\\\/2020\\\/06\\\/portada-lluna-1980x1485.jpg\",\"contentUrl\":\"https:\\\/\\\/losegador.com\\\/losegador\\\/wp-content\\\/uploads\\\/2020\\\/06\\\/portada-lluna-1980x1485.jpg\",\"width\":1980,\"height\":1485},{\"@type\":\"BreadcrumbList\",\"@id\":\"https:\\\/\\\/losegador.com\\\/ca\\\/laltra-casa\\\/#breadcrumb\",\"itemListElement\":[{\"@type\":\"ListItem\",\"position\":1,\"name\":\"Portada\",\"item\":\"https:\\\/\\\/losegador.com\\\/ca\\\/\"},{\"@type\":\"ListItem\",\"position\":2,\"name\":\"L&#8217;Altra casa\"}]},{\"@type\":\"WebSite\",\"@id\":\"https:\\\/\\\/losegador.com\\\/ca\\\/#website\",\"url\":\"https:\\\/\\\/losegador.com\\\/ca\\\/\",\"name\":\"Lo Segador\",\"description\":\"\",\"publisher\":{\"@id\":\"https:\\\/\\\/losegador.com\\\/ca\\\/#organization\"},\"potentialAction\":[{\"@type\":\"SearchAction\",\"target\":{\"@type\":\"EntryPoint\",\"urlTemplate\":\"https:\\\/\\\/losegador.com\\\/ca\\\/?s={search_term_string}\"},\"query-input\":{\"@type\":\"PropertyValueSpecification\",\"valueRequired\":true,\"valueName\":\"search_term_string\"}}],\"inLanguage\":\"ca\"},{\"@type\":\"Organization\",\"@id\":\"https:\\\/\\\/losegador.com\\\/ca\\\/#organization\",\"name\":\"Lo Segador\",\"url\":\"https:\\\/\\\/losegador.com\\\/ca\\\/\",\"logo\":{\"@type\":\"ImageObject\",\"inLanguage\":\"ca\",\"@id\":\"https:\\\/\\\/losegador.com\\\/ca\\\/#\\\/schema\\\/logo\\\/image\\\/\",\"url\":\"https:\\\/\\\/losegador.com\\\/losegador\\\/wp-content\\\/uploads\\\/2020\\\/06\\\/lo-segador-logo.png\",\"contentUrl\":\"https:\\\/\\\/losegador.com\\\/losegador\\\/wp-content\\\/uploads\\\/2020\\\/06\\\/lo-segador-logo.png\",\"width\":600,\"height\":400,\"caption\":\"Lo Segador\"},\"image\":{\"@id\":\"https:\\\/\\\/losegador.com\\\/ca\\\/#\\\/schema\\\/logo\\\/image\\\/\"},\"sameAs\":[\"https:\\\/\\\/www.facebook.com\\\/losegador\\\/\",\"https:\\\/\\\/www.instagram.com\\\/lo_segador\\\/\"]}]}<\/script>\n<!-- \/ Yoast SEO plugin. -->","yoast_head_json":{"title":"L'Altra casa - Lo Segador","robots":{"index":"index","follow":"follow","max-snippet":"max-snippet:-1","max-image-preview":"max-image-preview:large","max-video-preview":"max-video-preview:-1"},"canonical":"https:\/\/losegador.com\/ca\/laltra-casa\/","og_locale":"ca_ES","og_type":"article","og_title":"L'Altra casa - Lo Segador","og_description":"La casa de la Lluna \u00e9s una casa de poble individual, dins de la mateixa poblaci\u00f3 del Poble nou de Delta, amb 4 habitacions i capacitat per a 10 persones [&hellip;]","og_url":"https:\/\/losegador.com\/ca\/laltra-casa\/","og_site_name":"Lo Segador","article_publisher":"https:\/\/www.facebook.com\/losegador\/","article_modified_time":"2020-06-25T15:16:11+00:00","og_image":[{"width":1980,"height":1485,"url":"https:\/\/losegador.com\/losegador\/wp-content\/uploads\/2020\/06\/portada-lluna-1980x1485.jpg","type":"image\/jpeg"}],"twitter_card":"summary_large_image","twitter_misc":{"Temps estimat de lectura":"1 minut"},"schema":{"@context":"https:\/\/schema.org","@graph":[{"@type":"WebPage","@id":"https:\/\/losegador.com\/ca\/laltra-casa\/","url":"https:\/\/losegador.com\/ca\/laltra-casa\/","name":"L'Altra casa - Lo Segador","isPartOf":{"@id":"https:\/\/losegador.com\/ca\/#website"},"primaryImageOfPage":{"@id":"https:\/\/losegador.com\/ca\/laltra-casa\/#primaryimage"},"image":{"@id":"https:\/\/losegador.com\/ca\/laltra-casa\/#primaryimage"},"thumbnailUrl":"https:\/\/losegador.com\/losegador\/wp-content\/uploads\/2020\/06\/portada-lluna-1980x1485.jpg","datePublished":"2020-06-11T16:14:24+00:00","dateModified":"2020-06-25T15:16:11+00:00","breadcrumb":{"@id":"https:\/\/losegador.com\/ca\/laltra-casa\/#breadcrumb"},"inLanguage":"ca","potentialAction":[{"@type":"ReadAction","target":["https:\/\/losegador.com\/ca\/laltra-casa\/"]}]},{"@type":"ImageObject","inLanguage":"ca","@id":"https:\/\/losegador.com\/ca\/laltra-casa\/#primaryimage","url":"https:\/\/losegador.com\/losegador\/wp-content\/uploads\/2020\/06\/portada-lluna-1980x1485.jpg","contentUrl":"https:\/\/losegador.com\/losegador\/wp-content\/uploads\/2020\/06\/portada-lluna-1980x1485.jpg","width":1980,"height":1485},{"@type":"BreadcrumbList","@id":"https:\/\/losegador.com\/ca\/laltra-casa\/#breadcrumb","itemListElement":[{"@type":"ListItem","position":1,"name":"Portada","item":"https:\/\/losegador.com\/ca\/"},{"@type":"ListItem","position":2,"name":"L&#8217;Altra casa"}]},{"@type":"WebSite","@id":"https:\/\/losegador.com\/ca\/#website","url":"https:\/\/losegador.com\/ca\/","name":"Lo Segador","description":"","publisher":{"@id":"https:\/\/losegador.com\/ca\/#organization"},"potentialAction":[{"@type":"SearchAction","target":{"@type":"EntryPoint","urlTemplate":"https:\/\/losegador.com\/ca\/?s={search_term_string}"},"query-input":{"@type":"PropertyValueSpecification","valueRequired":true,"valueName":"search_term_string"}}],"inLanguage":"ca"},{"@type":"Organization","@id":"https:\/\/losegador.com\/ca\/#organization","name":"Lo Segador","url":"https:\/\/losegador.com\/ca\/","logo":{"@type":"ImageObject","inLanguage":"ca","@id":"https:\/\/losegador.com\/ca\/#\/schema\/logo\/image\/","url":"https:\/\/losegador.com\/losegador\/wp-content\/uploads\/2020\/06\/lo-segador-logo.png","contentUrl":"https:\/\/losegador.com\/losegador\/wp-content\/uploads\/2020\/06\/lo-segador-logo.png","width":600,"height":400,"caption":"Lo Segador"},"image":{"@id":"https:\/\/losegador.com\/ca\/#\/schema\/logo\/image\/"},"sameAs":["https:\/\/www.facebook.com\/losegador\/","https:\/\/www.instagram.com\/lo_segador\/"]}]}},"uagb_featured_image_src":{"full":["https:\/\/losegador.com\/losegador\/wp-content\/uploads\/2020\/06\/portada-lluna-1980x1485.jpg",1980,1485,false],"thumbnail":["https:\/\/losegador.com\/losegador\/wp-content\/uploads\/2020\/06\/portada-lluna-1980x1485-300x300.jpg",300,300,true],"medium":["https:\/\/losegador.com\/losegador\/wp-content\/uploads\/2020\/06\/portada-lluna-1980x1485-900x675.jpg",900,675,true],"medium_large":["https:\/\/losegador.com\/losegador\/wp-content\/uploads\/2020\/06\/portada-lluna-1980x1485-768x576.jpg",580,435,true],"large":["https:\/\/losegador.com\/losegador\/wp-content\/uploads\/2020\/06\/portada-lluna-1980x1485-1365x1024.jpg",580,435,true],"1536x1536":["https:\/\/losegador.com\/losegador\/wp-content\/uploads\/2020\/06\/portada-lluna-1980x1485.jpg",1536,1152,false],"2048x2048":["https:\/\/losegador.com\/losegador\/wp-content\/uploads\/2020\/06\/portada-lluna-1980x1485.jpg",1980,1485,false],"post-thumbnail":["https:\/\/losegador.com\/losegador\/wp-content\/uploads\/2020\/06\/portada-lluna-1980x1485-1200x900.jpg",1200,900,true],"twentytwenty-fullscreen":["https:\/\/losegador.com\/losegador\/wp-content\/uploads\/2020\/06\/portada-lluna-1980x1485-1980x1485.jpg",1980,1485,true]},"uagb_author_info":{"display_name":"Dora","author_link":"https:\/\/losegador.com\/ca\/author\/admin\/"},"uagb_comment_info":0,"uagb_excerpt":"La casa de la Lluna \u00e9s una casa de poble individual, dins de la mateixa poblaci\u00f3 del Poble nou de Delta, amb 4 habitacions i capacitat per a 10 persones [&hellip;]","jetpack_sharing_enabled":true,"_links":{"self":[{"href":"https:\/\/losegador.com\/ca\/wp-json\/wp\/v2\/pages\/3753","targetHints":{"allow":["GET"]}}],"collection":[{"href":"https:\/\/losegador.com\/ca\/wp-json\/wp\/v2\/pages"}],"about":[{"href":"https:\/\/losegador.com\/ca\/wp-json\/wp\/v2\/types\/page"}],"author":[{"embeddable":true,"href":"https:\/\/losegador.com\/ca\/wp-json\/wp\/v2\/users\/1"}],"replies":[{"embeddable":true,"href":"https:\/\/losegador.com\/ca\/wp-json\/wp\/v2\/comments?post=3753"}],"version-history":[{"count":11,"href":"https:\/\/losegador.com\/ca\/wp-json\/wp\/v2\/pages\/3753\/revisions"}],"predecessor-version":[{"id":4858,"href":"https:\/\/losegador.com\/ca\/wp-json\/wp\/v2\/pages\/3753\/revisions\/4858"}],"wp:featuredmedia":[{"embeddable":true,"href":"https:\/\/losegador.com\/ca\/wp-json\/wp\/v2\/media\/4361"}],"wp:attachment":[{"href":"https:\/\/losegador.com\/ca\/wp-json\/wp\/v2\/media?parent=3753"}],"curies":[{"name":"wp","href":"https:\/\/api.w.org\/{rel}","templated":true}]}}