{"id":3751,"date":"2020-06-11T16:10:39","date_gmt":"2020-06-11T16:10:39","guid":{"rendered":"http:\/\/losegador.com\/losegador\/contacte\/"},"modified":"2020-06-22T13:48:40","modified_gmt":"2020-06-22T13:48:40","slug":"contacte","status":"publish","type":"page","link":"https:\/\/losegador.com\/ca\/contacte\/","title":{"rendered":"Contacte"},"content":{"rendered":"<p><span style=\"text-decoration: underline;\">Informaci\u00f3 i reserves:<\/span><\/p>\n<p>Laura Ojer<\/p>\n\n<div class=\"wp-block-jetpack-contact-info\"><div class=\"wp-block-jetpack-phone\"><a href=\"tel:+34636517755\">+34 636517755<\/a><\/div>\n\n\n<p><a href=\"info@losegador.com\">info@losegador.com<\/a><\/p>\n\n\n\n<div style=\"height:50px\" aria-hidden=\"true\" class=\"wp-block-spacer\"><\/div>\n\n\n<div class=\"wp-block-jetpack-address\">\r\n<div class=\"jetpack-address__address jetpack-address__address3\">Carrer Major, 14<\/div>\r\n<div><span class=\"jetpack-address__region\">Poble Nou del Delta, Amposta<\/span><\/div>\r\n<\/div>\n\n\n<p><\/p>\n\n\n\n<p><a href=\"https:\/\/goo.gl\/maps\/9YJCGJwdJQCou7b26\" target=\"_blank\" rel=\"noreferrer noopener\">Com arribar<\/a><\/p>\n<\/div>\n<p>&nbsp;<\/p>\r\n<p><sub>Fotografia:<\/sub><br><sub>Toni Leiva S\u00e1nchez<\/sub><br><sub>Maria Jos\u00e9 Piorno <\/sub><\/p>\r\n<p><sub>Traducci\u00f3 by <\/sub><sub>George Raynor<\/sub><\/p>\r\n<p><br><sub>web by doramaart<\/sub><\/p>\r\n<p style=\"text-align: right;\">&nbsp;<\/p>\n<p style=\"text-align:right\">\u00a0&#13;\n&#13;\n<img loading=\"lazy\" decoding=\"async\" width=\"150\" height=\"151\" class=\"wp-image-3993\" style=\"width: 150px;\" src=\"http:\/\/losegador.com\/losegador\/wp-content\/uploads\/2020\/06\/empresa-colaboradora.jpg\" alt=\"\" srcset=\"https:\/\/losegador.com\/losegador\/wp-content\/uploads\/2020\/06\/empresa-colaboradora.jpg 509w, https:\/\/losegador.com\/losegador\/wp-content\/uploads\/2020\/06\/empresa-colaboradora-300x300.jpg 300w\" sizes=\"auto, (max-width: 150px) 100vw, 150px\" \/><\/p>\n","protected":false},"excerpt":{"rendered":"<p>Informaci\u00f3 i reserves: Laura Ojer &nbsp; Fotografia:Toni Leiva S\u00e1nchezMaria Jos\u00e9 Piorno Traducci\u00f3 by George Raynor web by doramaart &nbsp; \u00a0&#13; &#13;<\/p>\n","protected":false},"author":1,"featured_media":3941,"parent":0,"menu_order":10,"comment_status":"closed","ping_status":"closed","template":"templates\/template-contacto.php","meta":{"_acf_changed":false,"_uag_custom_page_level_css":"","footnotes":""},"class_list":["post-3751","page","type-page","status-publish","has-post-thumbnail","hentry"],"acf":[],"yoast_head":"<!-- This site is optimized with the Yoast SEO plugin v27.5 - https:\/\/yoast.com\/product\/yoast-seo-wordpress\/ -->\n<title>Contacte - Lo Segador<\/title>\n<meta name=\"robots\" content=\"index, follow, max-snippet:-1, max-image-preview:large, max-video-preview:-1\" \/>\n<link rel=\"canonical\" href=\"https:\/\/losegador.com\/ca\/contacte\/\" \/>\n<meta property=\"og:locale\" content=\"ca_ES\" \/>\n<meta property=\"og:type\" content=\"article\" \/>\n<meta property=\"og:title\" content=\"Contacte - Lo Segador\" \/>\n<meta property=\"og:description\" content=\"Informaci\u00f3 i reserves: Laura Ojer &nbsp; Fotografia:Toni Leiva S\u00e1nchezMaria Jos\u00e9 Piorno Traducci\u00f3 by George Raynor web by doramaart &nbsp; \u00a0&#013; &#013;\" \/>\n<meta property=\"og:url\" content=\"https:\/\/losegador.com\/ca\/contacte\/\" \/>\n<meta property=\"og:site_name\" content=\"Lo Segador\" \/>\n<meta property=\"article:publisher\" content=\"https:\/\/www.facebook.com\/losegador\/\" \/>\n<meta property=\"article:modified_time\" content=\"2020-06-22T13:48:40+00:00\" \/>\n<meta property=\"og:image\" content=\"https:\/\/losegador.com\/losegador\/wp-content\/uploads\/2020\/06\/contacto_IMG_9703.jpg\" \/>\n\t<meta property=\"og:image:width\" content=\"1107\" \/>\n\t<meta property=\"og:image:height\" content=\"790\" \/>\n\t<meta property=\"og:image:type\" content=\"image\/jpeg\" \/>\n<meta name=\"twitter:card\" content=\"summary_large_image\" \/>\n<script type=\"application\/ld+json\" class=\"yoast-schema-graph\">{\"@context\":\"https:\\\/\\\/schema.org\",\"@graph\":[{\"@type\":\"WebPage\",\"@id\":\"https:\\\/\\\/losegador.com\\\/ca\\\/contacte\\\/\",\"url\":\"https:\\\/\\\/losegador.com\\\/ca\\\/contacte\\\/\",\"name\":\"Contacte - Lo Segador\",\"isPartOf\":{\"@id\":\"https:\\\/\\\/losegador.com\\\/ca\\\/#website\"},\"primaryImageOfPage\":{\"@id\":\"https:\\\/\\\/losegador.com\\\/ca\\\/contacte\\\/#primaryimage\"},\"image\":{\"@id\":\"https:\\\/\\\/losegador.com\\\/ca\\\/contacte\\\/#primaryimage\"},\"thumbnailUrl\":\"https:\\\/\\\/losegador.com\\\/losegador\\\/wp-content\\\/uploads\\\/2020\\\/06\\\/contacto_IMG_9703.jpg\",\"datePublished\":\"2020-06-11T16:10:39+00:00\",\"dateModified\":\"2020-06-22T13:48:40+00:00\",\"breadcrumb\":{\"@id\":\"https:\\\/\\\/losegador.com\\\/ca\\\/contacte\\\/#breadcrumb\"},\"inLanguage\":\"ca\",\"potentialAction\":[{\"@type\":\"ReadAction\",\"target\":[\"https:\\\/\\\/losegador.com\\\/ca\\\/contacte\\\/\"]}]},{\"@type\":\"ImageObject\",\"inLanguage\":\"ca\",\"@id\":\"https:\\\/\\\/losegador.com\\\/ca\\\/contacte\\\/#primaryimage\",\"url\":\"https:\\\/\\\/losegador.com\\\/losegador\\\/wp-content\\\/uploads\\\/2020\\\/06\\\/contacto_IMG_9703.jpg\",\"contentUrl\":\"https:\\\/\\\/losegador.com\\\/losegador\\\/wp-content\\\/uploads\\\/2020\\\/06\\\/contacto_IMG_9703.jpg\",\"width\":1107,\"height\":790},{\"@type\":\"BreadcrumbList\",\"@id\":\"https:\\\/\\\/losegador.com\\\/ca\\\/contacte\\\/#breadcrumb\",\"itemListElement\":[{\"@type\":\"ListItem\",\"position\":1,\"name\":\"Portada\",\"item\":\"https:\\\/\\\/losegador.com\\\/ca\\\/\"},{\"@type\":\"ListItem\",\"position\":2,\"name\":\"Contacte\"}]},{\"@type\":\"WebSite\",\"@id\":\"https:\\\/\\\/losegador.com\\\/ca\\\/#website\",\"url\":\"https:\\\/\\\/losegador.com\\\/ca\\\/\",\"name\":\"Lo Segador\",\"description\":\"\",\"publisher\":{\"@id\":\"https:\\\/\\\/losegador.com\\\/ca\\\/#organization\"},\"potentialAction\":[{\"@type\":\"SearchAction\",\"target\":{\"@type\":\"EntryPoint\",\"urlTemplate\":\"https:\\\/\\\/losegador.com\\\/ca\\\/?s={search_term_string}\"},\"query-input\":{\"@type\":\"PropertyValueSpecification\",\"valueRequired\":true,\"valueName\":\"search_term_string\"}}],\"inLanguage\":\"ca\"},{\"@type\":\"Organization\",\"@id\":\"https:\\\/\\\/losegador.com\\\/ca\\\/#organization\",\"name\":\"Lo Segador\",\"url\":\"https:\\\/\\\/losegador.com\\\/ca\\\/\",\"logo\":{\"@type\":\"ImageObject\",\"inLanguage\":\"ca\",\"@id\":\"https:\\\/\\\/losegador.com\\\/ca\\\/#\\\/schema\\\/logo\\\/image\\\/\",\"url\":\"https:\\\/\\\/losegador.com\\\/losegador\\\/wp-content\\\/uploads\\\/2020\\\/06\\\/lo-segador-logo.png\",\"contentUrl\":\"https:\\\/\\\/losegador.com\\\/losegador\\\/wp-content\\\/uploads\\\/2020\\\/06\\\/lo-segador-logo.png\",\"width\":600,\"height\":400,\"caption\":\"Lo Segador\"},\"image\":{\"@id\":\"https:\\\/\\\/losegador.com\\\/ca\\\/#\\\/schema\\\/logo\\\/image\\\/\"},\"sameAs\":[\"https:\\\/\\\/www.facebook.com\\\/losegador\\\/\",\"https:\\\/\\\/www.instagram.com\\\/lo_segador\\\/\"]}]}<\/script>\n<!-- \/ Yoast SEO plugin. -->","yoast_head_json":{"title":"Contacte - Lo Segador","robots":{"index":"index","follow":"follow","max-snippet":"max-snippet:-1","max-image-preview":"max-image-preview:large","max-video-preview":"max-video-preview:-1"},"canonical":"https:\/\/losegador.com\/ca\/contacte\/","og_locale":"ca_ES","og_type":"article","og_title":"Contacte - Lo Segador","og_description":"Informaci\u00f3 i reserves: Laura Ojer &nbsp; Fotografia:Toni Leiva S\u00e1nchezMaria Jos\u00e9 Piorno Traducci\u00f3 by George Raynor web by doramaart &nbsp; \u00a0&#13; &#13;","og_url":"https:\/\/losegador.com\/ca\/contacte\/","og_site_name":"Lo Segador","article_publisher":"https:\/\/www.facebook.com\/losegador\/","article_modified_time":"2020-06-22T13:48:40+00:00","og_image":[{"width":1107,"height":790,"url":"https:\/\/losegador.com\/losegador\/wp-content\/uploads\/2020\/06\/contacto_IMG_9703.jpg","type":"image\/jpeg"}],"twitter_card":"summary_large_image","schema":{"@context":"https:\/\/schema.org","@graph":[{"@type":"WebPage","@id":"https:\/\/losegador.com\/ca\/contacte\/","url":"https:\/\/losegador.com\/ca\/contacte\/","name":"Contacte - Lo Segador","isPartOf":{"@id":"https:\/\/losegador.com\/ca\/#website"},"primaryImageOfPage":{"@id":"https:\/\/losegador.com\/ca\/contacte\/#primaryimage"},"image":{"@id":"https:\/\/losegador.com\/ca\/contacte\/#primaryimage"},"thumbnailUrl":"https:\/\/losegador.com\/losegador\/wp-content\/uploads\/2020\/06\/contacto_IMG_9703.jpg","datePublished":"2020-06-11T16:10:39+00:00","dateModified":"2020-06-22T13:48:40+00:00","breadcrumb":{"@id":"https:\/\/losegador.com\/ca\/contacte\/#breadcrumb"},"inLanguage":"ca","potentialAction":[{"@type":"ReadAction","target":["https:\/\/losegador.com\/ca\/contacte\/"]}]},{"@type":"ImageObject","inLanguage":"ca","@id":"https:\/\/losegador.com\/ca\/contacte\/#primaryimage","url":"https:\/\/losegador.com\/losegador\/wp-content\/uploads\/2020\/06\/contacto_IMG_9703.jpg","contentUrl":"https:\/\/losegador.com\/losegador\/wp-content\/uploads\/2020\/06\/contacto_IMG_9703.jpg","width":1107,"height":790},{"@type":"BreadcrumbList","@id":"https:\/\/losegador.com\/ca\/contacte\/#breadcrumb","itemListElement":[{"@type":"ListItem","position":1,"name":"Portada","item":"https:\/\/losegador.com\/ca\/"},{"@type":"ListItem","position":2,"name":"Contacte"}]},{"@type":"WebSite","@id":"https:\/\/losegador.com\/ca\/#website","url":"https:\/\/losegador.com\/ca\/","name":"Lo Segador","description":"","publisher":{"@id":"https:\/\/losegador.com\/ca\/#organization"},"potentialAction":[{"@type":"SearchAction","target":{"@type":"EntryPoint","urlTemplate":"https:\/\/losegador.com\/ca\/?s={search_term_string}"},"query-input":{"@type":"PropertyValueSpecification","valueRequired":true,"valueName":"search_term_string"}}],"inLanguage":"ca"},{"@type":"Organization","@id":"https:\/\/losegador.com\/ca\/#organization","name":"Lo Segador","url":"https:\/\/losegador.com\/ca\/","logo":{"@type":"ImageObject","inLanguage":"ca","@id":"https:\/\/losegador.com\/ca\/#\/schema\/logo\/image\/","url":"https:\/\/losegador.com\/losegador\/wp-content\/uploads\/2020\/06\/lo-segador-logo.png","contentUrl":"https:\/\/losegador.com\/losegador\/wp-content\/uploads\/2020\/06\/lo-segador-logo.png","width":600,"height":400,"caption":"Lo Segador"},"image":{"@id":"https:\/\/losegador.com\/ca\/#\/schema\/logo\/image\/"},"sameAs":["https:\/\/www.facebook.com\/losegador\/","https:\/\/www.instagram.com\/lo_segador\/"]}]}},"uagb_featured_image_src":{"full":["https:\/\/losegador.com\/losegador\/wp-content\/uploads\/2020\/06\/contacto_IMG_9703.jpg",1107,790,false],"thumbnail":["https:\/\/losegador.com\/losegador\/wp-content\/uploads\/2020\/06\/contacto_IMG_9703-300x300.jpg",300,300,true],"medium":["https:\/\/losegador.com\/losegador\/wp-content\/uploads\/2020\/06\/contacto_IMG_9703-900x642.jpg",900,642,true],"medium_large":["https:\/\/losegador.com\/losegador\/wp-content\/uploads\/2020\/06\/contacto_IMG_9703-768x548.jpg",580,414,true],"large":["https:\/\/losegador.com\/losegador\/wp-content\/uploads\/2020\/06\/contacto_IMG_9703.jpg",580,414,false],"1536x1536":["https:\/\/losegador.com\/losegador\/wp-content\/uploads\/2020\/06\/contacto_IMG_9703.jpg",1107,790,false],"2048x2048":["https:\/\/losegador.com\/losegador\/wp-content\/uploads\/2020\/06\/contacto_IMG_9703.jpg",1107,790,false],"post-thumbnail":["https:\/\/losegador.com\/losegador\/wp-content\/uploads\/2020\/06\/contacto_IMG_9703.jpg",1107,790,false],"twentytwenty-fullscreen":["https:\/\/losegador.com\/losegador\/wp-content\/uploads\/2020\/06\/contacto_IMG_9703.jpg",1107,790,false]},"uagb_author_info":{"display_name":"Dora","author_link":"https:\/\/losegador.com\/ca\/author\/admin\/"},"uagb_comment_info":0,"uagb_excerpt":"Informaci\u00f3 i reserves: Laura Ojer &nbsp; Fotografia:Toni Leiva S\u00e1nchezMaria Jos\u00e9 Piorno Traducci\u00f3 by George Raynor web by doramaart &nbsp; \u00a0&#13; &#13;","jetpack_sharing_enabled":true,"_links":{"self":[{"href":"https:\/\/losegador.com\/ca\/wp-json\/wp\/v2\/pages\/3751","targetHints":{"allow":["GET"]}}],"collection":[{"href":"https:\/\/losegador.com\/ca\/wp-json\/wp\/v2\/pages"}],"about":[{"href":"https:\/\/losegador.com\/ca\/wp-json\/wp\/v2\/types\/page"}],"author":[{"embeddable":true,"href":"https:\/\/losegador.com\/ca\/wp-json\/wp\/v2\/users\/1"}],"replies":[{"embeddable":true,"href":"https:\/\/losegador.com\/ca\/wp-json\/wp\/v2\/comments?post=3751"}],"version-history":[{"count":8,"href":"https:\/\/losegador.com\/ca\/wp-json\/wp\/v2\/pages\/3751\/revisions"}],"predecessor-version":[{"id":4636,"href":"https:\/\/losegador.com\/ca\/wp-json\/wp\/v2\/pages\/3751\/revisions\/4636"}],"wp:featuredmedia":[{"embeddable":true,"href":"https:\/\/losegador.com\/ca\/wp-json\/wp\/v2\/media\/3941"}],"wp:attachment":[{"href":"https:\/\/losegador.com\/ca\/wp-json\/wp\/v2\/media?parent=3751"}],"curies":[{"name":"wp","href":"https:\/\/api.w.org\/{rel}","templated":true}]}}