{"id":3673,"date":"2020-06-10T11:10:04","date_gmt":"2020-06-10T11:10:04","guid":{"rendered":"http:\/\/losegador.com\/losegador\/aqui-comenca-lo-delta\/"},"modified":"2020-07-01T11:31:30","modified_gmt":"2020-07-01T11:31:30","slug":"casa-rural-lo-segador","status":"publish","type":"page","link":"https:\/\/losegador.com\/ca\/","title":{"rendered":"Aqu\u00ed comen\u00e7a lo Delta"},"content":{"rendered":"\n<h2 class=\"wp-block-heading\">La casa<\/h2>\n\n\n\n<p>Lo Segador \u00e9s una casa de poble compartida de 6 habitacions, on la natura i el descans estan en perfecta harmonia. Els nostres hostes s\u00f3n prioritaris, la diversitat, el respecte i la conviv\u00e8ncia \u00e9s la nostra filosofia. Viure al cor de Delta de l&#8217;Ebre ens sensibilitza especialment amb la bio-esfera i ens sentim molt afortunades de poder compartir la casa en aquest entorn tan especial. Els nostres preus oscil\u00b7len segons temporada, la nostra pol\u00edtica est\u00e0 basada en preus NO abusius i assequibles per a qualsevol economia i possibilitats per a tothom.<\/p>\n\n\n\n<figure class=\"wp-block-image\"><img loading=\"lazy\" decoding=\"async\" width=\"1536\" height=\"1024\" src=\"https:\/\/losegador.com\/losegador\/wp-content\/uploads\/2020\/04\/Fotos-Lo-Segador-Toni-Leiva-Sanchezmar-12-2020_87A3509-1536x1024.jpg\" alt=\"\" class=\"wp-image-2762\" srcset=\"https:\/\/losegador.com\/losegador\/wp-content\/uploads\/2020\/04\/Fotos-Lo-Segador-Toni-Leiva-Sanchezmar-12-2020_87A3509-1536x1024.jpg 1536w, https:\/\/losegador.com\/losegador\/wp-content\/uploads\/2020\/04\/Fotos-Lo-Segador-Toni-Leiva-Sanchezmar-12-2020_87A3509-900x600.jpg 900w, https:\/\/losegador.com\/losegador\/wp-content\/uploads\/2020\/04\/Fotos-Lo-Segador-Toni-Leiva-Sanchezmar-12-2020_87A3509-768x512.jpg 768w, https:\/\/losegador.com\/losegador\/wp-content\/uploads\/2020\/04\/Fotos-Lo-Segador-Toni-Leiva-Sanchezmar-12-2020_87A3509-1200x800.jpg 1200w, https:\/\/losegador.com\/losegador\/wp-content\/uploads\/2020\/04\/Fotos-Lo-Segador-Toni-Leiva-Sanchezmar-12-2020_87A3509-1980x1320.jpg 1980w\" sizes=\"auto, (max-width: 1536px) 100vw, 1536px\" \/><\/figure>\n\n\n\n<p><\/p>\n\n\n\n<p>Els espais comuns estan dissenyats per a una conviv\u00e8ncia i \u00fas ple de la casa amb \u00e9xit, del pati amb barbacoa, de la cuina completament equipada, contemplar la posta i sortida de sol des de la terrassa i mirar els estels i llunes des de l&#8217;observatori.<\/p>\n\n\n\n<div class=\"wp-block-jetpack-tiled-gallery alignfull is-style-rectangular\"><div class=\"tiled-gallery__gallery\"><div class=\"tiled-gallery__row\"><div class=\"tiled-gallery__col\"><figure class=\"tiled-gallery__item\"><img decoding=\"async\" srcset=\"https:\/\/i0.wp.com\/losegador.com\/losegador\/wp-content\/uploads\/2020\/05\/IMG_1507-compressor.jpg?strip=info&#038;w=600 600w,https:\/\/i0.wp.com\/losegador.com\/losegador\/wp-content\/uploads\/2020\/05\/IMG_1507-compressor.jpg?strip=info&#038;w=900 900w,https:\/\/i0.wp.com\/losegador.com\/losegador\/wp-content\/uploads\/2020\/05\/IMG_1507-compressor.jpg?strip=info&#038;w=1200 1200w\" alt=\"\" data-height=\"1200\" data-id=\"2901\" data-link=\"http:\/\/losegador.com\/losegador\/pagina-ejemplo\/img_1507-compressor-2\/\" data-url=\"http:\/\/losegador.com\/losegador\/wp-content\/uploads\/2020\/05\/IMG_1507-compressor.jpg\" data-width=\"1200\" src=\"https:\/\/i0.wp.com\/losegador.com\/losegador\/wp-content\/uploads\/2020\/05\/IMG_1507-compressor.jpg\"\/><\/figure><\/div><div class=\"tiled-gallery__col\"><figure class=\"tiled-gallery__item\"><img decoding=\"async\" srcset=\"https:\/\/i2.wp.com\/losegador.com\/losegador\/wp-content\/uploads\/2020\/05\/IMG_9928.jpg?strip=info&#038;w=600 600w,https:\/\/i2.wp.com\/losegador.com\/losegador\/wp-content\/uploads\/2020\/05\/IMG_9928.jpg?strip=info&#038;w=900 900w,https:\/\/i2.wp.com\/losegador.com\/losegador\/wp-content\/uploads\/2020\/05\/IMG_9928.jpg?strip=info&#038;w=1200 1200w\" alt=\"\" data-height=\"1600\" data-id=\"2924\" data-link=\"http:\/\/losegador.com\/losegador\/pagina-ejemplo\/img_9928-3\/\" data-url=\"http:\/\/losegador.com\/losegador\/wp-content\/uploads\/2020\/05\/IMG_9928.jpg\" data-width=\"1200\" src=\"https:\/\/i2.wp.com\/losegador.com\/losegador\/wp-content\/uploads\/2020\/05\/IMG_9928.jpg\"\/><\/figure><\/div><div class=\"tiled-gallery__col\"><figure class=\"tiled-gallery__item\"><img decoding=\"async\" srcset=\"https:\/\/i1.wp.com\/losegador.com\/losegador\/wp-content\/uploads\/2020\/05\/IMG_8441-compressor-1.jpg?strip=info&#038;w=600 600w,https:\/\/i1.wp.com\/losegador.com\/losegador\/wp-content\/uploads\/2020\/05\/IMG_8441-compressor-1.jpg?strip=info&#038;w=900 900w,https:\/\/i1.wp.com\/losegador.com\/losegador\/wp-content\/uploads\/2020\/05\/IMG_8441-compressor-1.jpg?strip=info&#038;w=1200 1200w\" alt=\"\" data-height=\"800\" data-id=\"2916\" data-link=\"http:\/\/losegador.com\/losegador\/pagina-ejemplo\/img_8441-compressor-1\/\" data-url=\"http:\/\/losegador.com\/losegador\/wp-content\/uploads\/2020\/05\/IMG_8441-compressor-1.jpg\" data-width=\"1200\" src=\"https:\/\/i1.wp.com\/losegador.com\/losegador\/wp-content\/uploads\/2020\/05\/IMG_8441-compressor-1.jpg\"\/><\/figure><\/div><div class=\"tiled-gallery__col\"><figure class=\"tiled-gallery__item\"><img decoding=\"async\" srcset=\"https:\/\/i1.wp.com\/losegador.com\/losegador\/wp-content\/uploads\/2020\/06\/Fotos-Lo-Segador-Toni-Leiva-Sanchezmar-12-2020_87A3549.jpg?strip=info&#038;w=600 600w,https:\/\/i1.wp.com\/losegador.com\/losegador\/wp-content\/uploads\/2020\/06\/Fotos-Lo-Segador-Toni-Leiva-Sanchezmar-12-2020_87A3549.jpg?strip=info&#038;w=900 900w\" alt=\"\" data-height=\"979\" data-id=\"3666\" data-link=\"http:\/\/losegador.com\/losegador\/pagina-ejemplo\/fotos-lo-segador-toni-leiva-sanchezmar-12-2020_87a3549-2\/\" data-url=\"http:\/\/losegador.com\/losegador\/wp-content\/uploads\/2020\/06\/Fotos-Lo-Segador-Toni-Leiva-Sanchezmar-12-2020_87A3549.jpg\" data-width=\"900\" src=\"https:\/\/i1.wp.com\/losegador.com\/losegador\/wp-content\/uploads\/2020\/06\/Fotos-Lo-Segador-Toni-Leiva-Sanchezmar-12-2020_87A3549.jpg\"\/><\/figure><\/div><\/div><\/div><\/div>\n","protected":false},"excerpt":{"rendered":"<p>La casa Lo Segador \u00e9s una casa de poble compartida de 6 habitacions, on la natura i el descans estan en perfecta harmonia. Els nostres hostes s\u00f3n prioritaris, la diversitat, [&hellip;]<\/p>\n","protected":false},"author":1,"featured_media":3568,"parent":0,"menu_order":0,"comment_status":"closed","ping_status":"open","template":"templates\/template-cover.php","meta":{"_acf_changed":false,"_uag_custom_page_level_css":"","footnotes":""},"class_list":["post-3673","page","type-page","status-publish","has-post-thumbnail","hentry"],"acf":[],"yoast_head":"<!-- This site is optimized with the Yoast SEO plugin v27.5 - https:\/\/yoast.com\/product\/yoast-seo-wordpress\/ -->\n<title>Casa Rural Lo Segador - Aqu\u00ed comen\u00e7a lo Delta<\/title>\n<meta name=\"description\" content=\"Casa rural Lo Segador situada al Poble Nou del Delta en mig del Parc Natural del Delta de l&#039;Ebre.\" \/>\n<meta name=\"robots\" content=\"index, follow, max-snippet:-1, max-image-preview:large, max-video-preview:-1\" \/>\n<link rel=\"canonical\" href=\"https:\/\/losegador.com\/ca\/\" \/>\n<meta property=\"og:locale\" content=\"ca_ES\" \/>\n<meta property=\"og:type\" content=\"article\" \/>\n<meta property=\"og:title\" content=\"Casa Rural Lo Segador - Aqu\u00ed comen\u00e7a lo Delta\" \/>\n<meta property=\"og:description\" content=\"Casa rural Lo Segador situada al Poble Nou del Delta en mig del Parc Natural del Delta de l&#039;Ebre.\" \/>\n<meta property=\"og:url\" content=\"https:\/\/losegador.com\/ca\/\" \/>\n<meta property=\"og:site_name\" content=\"Lo Segador\" \/>\n<meta property=\"article:publisher\" content=\"https:\/\/www.facebook.com\/losegador\/\" \/>\n<meta property=\"article:modified_time\" content=\"2020-07-01T11:31:30+00:00\" \/>\n<meta property=\"og:image\" content=\"https:\/\/losegador.com\/losegador\/wp-content\/uploads\/2020\/05\/portada.jpg\" \/>\n\t<meta property=\"og:image:width\" content=\"2400\" \/>\n\t<meta property=\"og:image:height\" content=\"1559\" \/>\n\t<meta property=\"og:image:type\" content=\"image\/jpeg\" \/>\n<meta name=\"twitter:card\" content=\"summary_large_image\" \/>\n<meta name=\"twitter:label1\" content=\"Temps estimat de lectura\" \/>\n\t<meta name=\"twitter:data1\" content=\"1 minut\" \/>\n<script type=\"application\/ld+json\" class=\"yoast-schema-graph\">{\"@context\":\"https:\\\/\\\/schema.org\",\"@graph\":[{\"@type\":\"WebPage\",\"@id\":\"https:\\\/\\\/losegador.com\\\/ca\\\/\",\"url\":\"https:\\\/\\\/losegador.com\\\/ca\\\/\",\"name\":\"Casa Rural Lo Segador - Aqu\u00ed comen\u00e7a lo Delta\",\"isPartOf\":{\"@id\":\"https:\\\/\\\/losegador.com\\\/ca\\\/#website\"},\"primaryImageOfPage\":{\"@id\":\"https:\\\/\\\/losegador.com\\\/ca\\\/#primaryimage\"},\"image\":{\"@id\":\"https:\\\/\\\/losegador.com\\\/ca\\\/#primaryimage\"},\"thumbnailUrl\":\"https:\\\/\\\/losegador.com\\\/losegador\\\/wp-content\\\/uploads\\\/2020\\\/05\\\/portada.jpg\",\"datePublished\":\"2020-06-10T11:10:04+00:00\",\"dateModified\":\"2020-07-01T11:31:30+00:00\",\"description\":\"Casa rural Lo Segador situada al Poble Nou del Delta en mig del Parc Natural del Delta de l'Ebre.\",\"breadcrumb\":{\"@id\":\"https:\\\/\\\/losegador.com\\\/ca\\\/#breadcrumb\"},\"inLanguage\":\"ca\",\"potentialAction\":[{\"@type\":\"ReadAction\",\"target\":[\"https:\\\/\\\/losegador.com\\\/ca\\\/\"]}]},{\"@type\":\"ImageObject\",\"inLanguage\":\"ca\",\"@id\":\"https:\\\/\\\/losegador.com\\\/ca\\\/#primaryimage\",\"url\":\"https:\\\/\\\/losegador.com\\\/losegador\\\/wp-content\\\/uploads\\\/2020\\\/05\\\/portada.jpg\",\"contentUrl\":\"https:\\\/\\\/losegador.com\\\/losegador\\\/wp-content\\\/uploads\\\/2020\\\/05\\\/portada.jpg\",\"width\":2400,\"height\":1559},{\"@type\":\"BreadcrumbList\",\"@id\":\"https:\\\/\\\/losegador.com\\\/ca\\\/#breadcrumb\",\"itemListElement\":[{\"@type\":\"ListItem\",\"position\":1,\"name\":\"Portada\",\"item\":\"https:\\\/\\\/losegador.com\\\/ca\\\/\"},{\"@type\":\"ListItem\",\"position\":2,\"name\":\"Aqu\u00ed comen\u00e7a lo Delta\"}]},{\"@type\":\"WebSite\",\"@id\":\"https:\\\/\\\/losegador.com\\\/ca\\\/#website\",\"url\":\"https:\\\/\\\/losegador.com\\\/ca\\\/\",\"name\":\"Lo Segador\",\"description\":\"\",\"publisher\":{\"@id\":\"https:\\\/\\\/losegador.com\\\/ca\\\/#organization\"},\"potentialAction\":[{\"@type\":\"SearchAction\",\"target\":{\"@type\":\"EntryPoint\",\"urlTemplate\":\"https:\\\/\\\/losegador.com\\\/ca\\\/?s={search_term_string}\"},\"query-input\":{\"@type\":\"PropertyValueSpecification\",\"valueRequired\":true,\"valueName\":\"search_term_string\"}}],\"inLanguage\":\"ca\"},{\"@type\":\"Organization\",\"@id\":\"https:\\\/\\\/losegador.com\\\/ca\\\/#organization\",\"name\":\"Lo Segador\",\"url\":\"https:\\\/\\\/losegador.com\\\/ca\\\/\",\"logo\":{\"@type\":\"ImageObject\",\"inLanguage\":\"ca\",\"@id\":\"https:\\\/\\\/losegador.com\\\/ca\\\/#\\\/schema\\\/logo\\\/image\\\/\",\"url\":\"https:\\\/\\\/losegador.com\\\/losegador\\\/wp-content\\\/uploads\\\/2020\\\/06\\\/lo-segador-logo.png\",\"contentUrl\":\"https:\\\/\\\/losegador.com\\\/losegador\\\/wp-content\\\/uploads\\\/2020\\\/06\\\/lo-segador-logo.png\",\"width\":600,\"height\":400,\"caption\":\"Lo Segador\"},\"image\":{\"@id\":\"https:\\\/\\\/losegador.com\\\/ca\\\/#\\\/schema\\\/logo\\\/image\\\/\"},\"sameAs\":[\"https:\\\/\\\/www.facebook.com\\\/losegador\\\/\",\"https:\\\/\\\/www.instagram.com\\\/lo_segador\\\/\"]}]}<\/script>\n<!-- \/ Yoast SEO plugin. -->","yoast_head_json":{"title":"Casa Rural Lo Segador - Aqu\u00ed comen\u00e7a lo Delta","description":"Casa rural Lo Segador situada al Poble Nou del Delta en mig del Parc Natural del Delta de l'Ebre.","robots":{"index":"index","follow":"follow","max-snippet":"max-snippet:-1","max-image-preview":"max-image-preview:large","max-video-preview":"max-video-preview:-1"},"canonical":"https:\/\/losegador.com\/ca\/","og_locale":"ca_ES","og_type":"article","og_title":"Casa Rural Lo Segador - Aqu\u00ed comen\u00e7a lo Delta","og_description":"Casa rural Lo Segador situada al Poble Nou del Delta en mig del Parc Natural del Delta de l'Ebre.","og_url":"https:\/\/losegador.com\/ca\/","og_site_name":"Lo Segador","article_publisher":"https:\/\/www.facebook.com\/losegador\/","article_modified_time":"2020-07-01T11:31:30+00:00","og_image":[{"width":2400,"height":1559,"url":"https:\/\/losegador.com\/losegador\/wp-content\/uploads\/2020\/05\/portada.jpg","type":"image\/jpeg"}],"twitter_card":"summary_large_image","twitter_misc":{"Temps estimat de lectura":"1 minut"},"schema":{"@context":"https:\/\/schema.org","@graph":[{"@type":"WebPage","@id":"https:\/\/losegador.com\/ca\/","url":"https:\/\/losegador.com\/ca\/","name":"Casa Rural Lo Segador - Aqu\u00ed comen\u00e7a lo Delta","isPartOf":{"@id":"https:\/\/losegador.com\/ca\/#website"},"primaryImageOfPage":{"@id":"https:\/\/losegador.com\/ca\/#primaryimage"},"image":{"@id":"https:\/\/losegador.com\/ca\/#primaryimage"},"thumbnailUrl":"https:\/\/losegador.com\/losegador\/wp-content\/uploads\/2020\/05\/portada.jpg","datePublished":"2020-06-10T11:10:04+00:00","dateModified":"2020-07-01T11:31:30+00:00","description":"Casa rural Lo Segador situada al Poble Nou del Delta en mig del Parc Natural del Delta de l'Ebre.","breadcrumb":{"@id":"https:\/\/losegador.com\/ca\/#breadcrumb"},"inLanguage":"ca","potentialAction":[{"@type":"ReadAction","target":["https:\/\/losegador.com\/ca\/"]}]},{"@type":"ImageObject","inLanguage":"ca","@id":"https:\/\/losegador.com\/ca\/#primaryimage","url":"https:\/\/losegador.com\/losegador\/wp-content\/uploads\/2020\/05\/portada.jpg","contentUrl":"https:\/\/losegador.com\/losegador\/wp-content\/uploads\/2020\/05\/portada.jpg","width":2400,"height":1559},{"@type":"BreadcrumbList","@id":"https:\/\/losegador.com\/ca\/#breadcrumb","itemListElement":[{"@type":"ListItem","position":1,"name":"Portada","item":"https:\/\/losegador.com\/ca\/"},{"@type":"ListItem","position":2,"name":"Aqu\u00ed comen\u00e7a lo Delta"}]},{"@type":"WebSite","@id":"https:\/\/losegador.com\/ca\/#website","url":"https:\/\/losegador.com\/ca\/","name":"Lo Segador","description":"","publisher":{"@id":"https:\/\/losegador.com\/ca\/#organization"},"potentialAction":[{"@type":"SearchAction","target":{"@type":"EntryPoint","urlTemplate":"https:\/\/losegador.com\/ca\/?s={search_term_string}"},"query-input":{"@type":"PropertyValueSpecification","valueRequired":true,"valueName":"search_term_string"}}],"inLanguage":"ca"},{"@type":"Organization","@id":"https:\/\/losegador.com\/ca\/#organization","name":"Lo Segador","url":"https:\/\/losegador.com\/ca\/","logo":{"@type":"ImageObject","inLanguage":"ca","@id":"https:\/\/losegador.com\/ca\/#\/schema\/logo\/image\/","url":"https:\/\/losegador.com\/losegador\/wp-content\/uploads\/2020\/06\/lo-segador-logo.png","contentUrl":"https:\/\/losegador.com\/losegador\/wp-content\/uploads\/2020\/06\/lo-segador-logo.png","width":600,"height":400,"caption":"Lo Segador"},"image":{"@id":"https:\/\/losegador.com\/ca\/#\/schema\/logo\/image\/"},"sameAs":["https:\/\/www.facebook.com\/losegador\/","https:\/\/www.instagram.com\/lo_segador\/"]}]}},"uagb_featured_image_src":{"full":["https:\/\/losegador.com\/losegador\/wp-content\/uploads\/2020\/05\/portada.jpg",2400,1559,false],"thumbnail":["https:\/\/losegador.com\/losegador\/wp-content\/uploads\/2020\/05\/portada-300x300.jpg",300,300,true],"medium":["https:\/\/losegador.com\/losegador\/wp-content\/uploads\/2020\/05\/portada-900x585.jpg",900,585,true],"medium_large":["https:\/\/losegador.com\/losegador\/wp-content\/uploads\/2020\/05\/portada-768x499.jpg",580,377,true],"large":["https:\/\/losegador.com\/losegador\/wp-content\/uploads\/2020\/05\/portada-1576x1024.jpg",580,377,true],"1536x1536":["https:\/\/losegador.com\/losegador\/wp-content\/uploads\/2020\/05\/portada.jpg",1536,998,false],"2048x2048":["https:\/\/losegador.com\/losegador\/wp-content\/uploads\/2020\/05\/portada.jpg",2048,1330,false],"post-thumbnail":["https:\/\/losegador.com\/losegador\/wp-content\/uploads\/2020\/05\/portada-1200x780.jpg",1200,780,true],"twentytwenty-fullscreen":["https:\/\/losegador.com\/losegador\/wp-content\/uploads\/2020\/05\/portada-1980x1286.jpg",1980,1286,true]},"uagb_author_info":{"display_name":"Dora","author_link":"https:\/\/losegador.com\/ca\/author\/admin\/"},"uagb_comment_info":0,"uagb_excerpt":"La casa Lo Segador \u00e9s una casa de poble compartida de 6 habitacions, on la natura i el descans estan en perfecta harmonia. Els nostres hostes s\u00f3n prioritaris, la diversitat, [&hellip;]","jetpack_sharing_enabled":true,"_links":{"self":[{"href":"https:\/\/losegador.com\/ca\/wp-json\/wp\/v2\/pages\/3673","targetHints":{"allow":["GET"]}}],"collection":[{"href":"https:\/\/losegador.com\/ca\/wp-json\/wp\/v2\/pages"}],"about":[{"href":"https:\/\/losegador.com\/ca\/wp-json\/wp\/v2\/types\/page"}],"author":[{"embeddable":true,"href":"https:\/\/losegador.com\/ca\/wp-json\/wp\/v2\/users\/1"}],"replies":[{"embeddable":true,"href":"https:\/\/losegador.com\/ca\/wp-json\/wp\/v2\/comments?post=3673"}],"version-history":[{"count":12,"href":"https:\/\/losegador.com\/ca\/wp-json\/wp\/v2\/pages\/3673\/revisions"}],"predecessor-version":[{"id":4869,"href":"https:\/\/losegador.com\/ca\/wp-json\/wp\/v2\/pages\/3673\/revisions\/4869"}],"wp:featuredmedia":[{"embeddable":true,"href":"https:\/\/losegador.com\/ca\/wp-json\/wp\/v2\/media\/3568"}],"wp:attachment":[{"href":"https:\/\/losegador.com\/ca\/wp-json\/wp\/v2\/media?parent=3673"}],"curies":[{"name":"wp","href":"https:\/\/api.w.org\/{rel}","templated":true}]}}